{"id":4863,"date":"2022-02-08T11:53:59","date_gmt":"2022-02-08T11:53:59","guid":{"rendered":"https:\/\/daikosupplies.com\/?post_type=product&#038;p=4863"},"modified":"2022-06-12T23:15:14","modified_gmt":"2022-06-12T23:15:14","slug":"plotter-de-impresion-sublimacion-cabezal-epson-i3200-1-8-metros","status":"publish","type":"product","link":"https:\/\/daikosupplies.com\/?product=plotter-de-impresion-sublimacion-cabezal-epson-i3200-1-8-metros","title":{"rendered":"Plotter de Impresi\u00f3n Sublimaci\u00f3n &#8211; Cabezal Epson I3200-A1 &#8211; 1.8 metros"},"content":{"rendered":"<p>&#8211; Longitud de impresi\u00f3n: 1.8 metros \/ 1.800 mm<br \/>\n&#8211; Cabezal Impresi\u00f3n Epson I3200-A1<br \/>\n&#8211; Sistema de enrrollado autom\u00e1tico de impresi\u00f3n (Doble RollUp System)<br \/>\n&#8211; Color Tintas: CMYK<br \/>\n&#8211; Tipo de tintas: Sublimaci\u00f3n \/ Fabricadas con base en agua<br \/>\n&#8211; Velocidad de impresi\u00f3n:<\/p>\n<ul>\n<li>2 pases: 22 m2\/h<\/li>\n<li>3 pases: 18 m2\/h<\/li>\n<li>4 pases: 13 m2\/h<\/li>\n<li>6 pases: 9 m2\/h<\/li>\n<\/ul>\n<p>&#8211; Altura m\u00e1xima de impresi\u00f3n: menor a 2 cm<br \/>\n&#8211; Estructura: Aluminio<br \/>\n&#8211; Dimensiones Empaque: (296 x 73 x 62) cm<br \/>\n&#8211; Peso neto: 220 kg<br \/>\n&#8211; Conexi\u00f3n: Red<br \/>\n&#8211; Software impresi\u00f3n: Maintop \/ Opcional Photoprint o Flexi Print<br \/>\n&#8211; Sistema Operativo: Windows XP \/ 7 \/ 8 \/ 10<\/p>\n","protected":false},"excerpt":{"rendered":"<p>Plotter de Impresi\u00f3n Sublimaci\u00f3n \u2013 1.8 metros, Cabezal de impresi\u00f3n EPSON I3200-A1<\/p>\n","protected":false},"featured_media":5128,"comment_status":"open","ping_status":"closed","template":"","meta":{"site-sidebar-layout":"default","site-content-layout":"default","ast-site-content-layout":"default","site-content-style":"default","site-sidebar-style":"default","ast-global-header-display":"","ast-banner-title-visibility":"","ast-main-header-display":"","ast-hfb-above-header-display":"","ast-hfb-below-header-display":"","ast-hfb-mobile-header-display":"","site-post-title":"","ast-breadcrumbs-content":"","ast-featured-img":"","footer-sml-layout":"","ast-disable-related-posts":"","theme-transparent-header-meta":"default","adv-header-id-meta":"","stick-header-meta":"","header-above-stick-meta":"","header-main-stick-meta":"","header-below-stick-meta":"","astra-migrate-meta-layouts":"default","ast-page-background-enabled":"default","ast-page-background-meta":{"desktop":{"background-color":"","background-image":"","background-repeat":"repeat","background-position":"center center","background-size":"auto","background-attachment":"scroll","background-type":"","background-media":"","overlay-type":"","overlay-color":"","overlay-opacity":"","overlay-gradient":""},"tablet":{"background-color":"","background-image":"","background-repeat":"repeat","background-position":"center center","background-size":"auto","background-attachment":"scroll","background-type":"","background-media":"","overlay-type":"","overlay-color":"","overlay-opacity":"","overlay-gradient":""},"mobile":{"background-color":"","background-image":"","background-repeat":"repeat","background-position":"center center","background-size":"auto","background-attachment":"scroll","background-type":"","background-media":"","overlay-type":"","overlay-color":"","overlay-opacity":"","overlay-gradient":""}},"ast-content-background-meta":{"desktop":{"background-color":"var(--ast-global-color-5)","background-image":"","background-repeat":"repeat","background-position":"center center","background-size":"auto","background-attachment":"scroll","background-type":"","background-media":"","overlay-type":"","overlay-color":"","overlay-opacity":"","overlay-gradient":""},"tablet":{"background-color":"var(--ast-global-color-5)","background-image":"","background-repeat":"repeat","background-position":"center center","background-size":"auto","background-attachment":"scroll","background-type":"","background-media":"","overlay-type":"","overlay-color":"","overlay-opacity":"","overlay-gradient":""},"mobile":{"background-color":"var(--ast-global-color-5)","background-image":"","background-repeat":"repeat","background-position":"center center","background-size":"auto","background-attachment":"scroll","background-type":"","background-media":"","overlay-type":"","overlay-color":"","overlay-opacity":"","overlay-gradient":""}}},"product_brand":[],"product_cat":[32,108],"product_tag":[35,36,37,34,75,38],"class_list":{"0":"post-4863","1":"product","2":"type-product","3":"status-publish","4":"has-post-thumbnail","6":"product_cat-equipos","7":"product_cat-impresion-sublimacion","8":"product_tag-equipos","9":"product_tag-impresion","10":"product_tag-plotter","11":"product_tag-sublimacion","12":"product_tag-tela","13":"product_tag-tintas","14":"desktop-align-left","15":"tablet-align-left","16":"mobile-align-left","18":"first","19":"instock","20":"sale","21":"shipping-taxable","22":"purchasable","23":"product-type-simple"},"yoast_head":"<!-- This site is optimized with the Yoast SEO plugin v27.5 - https:\/\/yoast.com\/product\/yoast-seo-wordpress\/ -->\n<title>Plotter de Impresi\u00f3n Sublimaci\u00f3n - Cabezal Epson I3200-A1 - 1.8 metros | www.daikosupplies.com<\/title>\n<meta name=\"robots\" content=\"index, follow, max-snippet:-1, max-image-preview:large, max-video-preview:-1\" \/>\n<link rel=\"canonical\" href=\"https:\/\/daikosupplies.com\/?product=plotter-de-impresion-sublimacion-cabezal-epson-i3200-1-8-metros\" \/>\n<meta property=\"og:locale\" content=\"es_ES\" \/>\n<meta property=\"og:type\" content=\"article\" \/>\n<meta property=\"og:title\" content=\"Plotter de Impresi\u00f3n Sublimaci\u00f3n - Cabezal Epson I3200-A1 - 1.8 metros | www.daikosupplies.com\" \/>\n<meta property=\"og:description\" content=\"Plotter de Impresi\u00f3n Sublimaci\u00f3n \u2013 1.8 metros, Cabezal de impresi\u00f3n EPSON I3200-A1\" \/>\n<meta property=\"og:url\" content=\"https:\/\/daikosupplies.com\/?product=plotter-de-impresion-sublimacion-cabezal-epson-i3200-1-8-metros\" \/>\n<meta property=\"og:site_name\" content=\"www.daikosupplies.com\" \/>\n<meta property=\"article:publisher\" content=\"https:\/\/www.facebook.com\/daikosuplies\" \/>\n<meta property=\"article:modified_time\" content=\"2022-06-12T23:15:14+00:00\" \/>\n<meta property=\"og:image\" content=\"https:\/\/i0.wp.com\/daikosupplies.com\/wp-content\/uploads\/2022\/02\/Plotter-I3200.jpg?fit=1078%2C1016&ssl=1\" \/>\n\t<meta property=\"og:image:width\" content=\"1078\" \/>\n\t<meta property=\"og:image:height\" content=\"1016\" \/>\n\t<meta property=\"og:image:type\" content=\"image\/jpeg\" \/>\n<meta name=\"twitter:card\" content=\"summary_large_image\" \/>\n<meta name=\"twitter:label1\" content=\"Tiempo estimado de lectura\" \/>\n\t<meta name=\"twitter:data1\" content=\"1 minuto\" \/>\n<script type=\"application\/ld+json\" class=\"yoast-schema-graph\">{\"@context\":\"https:\\\/\\\/schema.org\",\"@graph\":[{\"@type\":\"WebPage\",\"@id\":\"https:\\\/\\\/daikosupplies.com\\\/?product=plotter-de-impresion-sublimacion-cabezal-epson-i3200-1-8-metros\",\"url\":\"https:\\\/\\\/daikosupplies.com\\\/?product=plotter-de-impresion-sublimacion-cabezal-epson-i3200-1-8-metros\",\"name\":\"Plotter de Impresi\u00f3n Sublimaci\u00f3n - Cabezal Epson I3200-A1 - 1.8 metros | www.daikosupplies.com\",\"isPartOf\":{\"@id\":\"https:\\\/\\\/daikosupplies.com\\\/#website\"},\"primaryImageOfPage\":{\"@id\":\"https:\\\/\\\/daikosupplies.com\\\/?product=plotter-de-impresion-sublimacion-cabezal-epson-i3200-1-8-metros#primaryimage\"},\"image\":{\"@id\":\"https:\\\/\\\/daikosupplies.com\\\/?product=plotter-de-impresion-sublimacion-cabezal-epson-i3200-1-8-metros#primaryimage\"},\"thumbnailUrl\":\"https:\\\/\\\/i0.wp.com\\\/daikosupplies.com\\\/wp-content\\\/uploads\\\/2022\\\/02\\\/Plotter-I3200.jpg?fit=1078%2C1016&ssl=1\",\"datePublished\":\"2022-02-08T11:53:59+00:00\",\"dateModified\":\"2022-06-12T23:15:14+00:00\",\"breadcrumb\":{\"@id\":\"https:\\\/\\\/daikosupplies.com\\\/?product=plotter-de-impresion-sublimacion-cabezal-epson-i3200-1-8-metros#breadcrumb\"},\"inLanguage\":\"es\",\"potentialAction\":[{\"@type\":\"ReadAction\",\"target\":[\"https:\\\/\\\/daikosupplies.com\\\/?product=plotter-de-impresion-sublimacion-cabezal-epson-i3200-1-8-metros\"]}]},{\"@type\":\"ImageObject\",\"inLanguage\":\"es\",\"@id\":\"https:\\\/\\\/daikosupplies.com\\\/?product=plotter-de-impresion-sublimacion-cabezal-epson-i3200-1-8-metros#primaryimage\",\"url\":\"https:\\\/\\\/i0.wp.com\\\/daikosupplies.com\\\/wp-content\\\/uploads\\\/2022\\\/02\\\/Plotter-I3200.jpg?fit=1078%2C1016&ssl=1\",\"contentUrl\":\"https:\\\/\\\/i0.wp.com\\\/daikosupplies.com\\\/wp-content\\\/uploads\\\/2022\\\/02\\\/Plotter-I3200.jpg?fit=1078%2C1016&ssl=1\",\"width\":1078,\"height\":1016},{\"@type\":\"BreadcrumbList\",\"@id\":\"https:\\\/\\\/daikosupplies.com\\\/?product=plotter-de-impresion-sublimacion-cabezal-epson-i3200-1-8-metros#breadcrumb\",\"itemListElement\":[{\"@type\":\"ListItem\",\"position\":1,\"name\":\"Portada\",\"item\":\"https:\\\/\\\/daikosupplies.com\\\/\"},{\"@type\":\"ListItem\",\"position\":2,\"name\":\"Tienda\",\"item\":\"https:\\\/\\\/daikosupplies.com\\\/?page_id=401\"},{\"@type\":\"ListItem\",\"position\":3,\"name\":\"Plotter de Impresi\u00f3n Sublimaci\u00f3n &#8211; Cabezal Epson I3200-A1 &#8211; 1.8 metros\"}]},{\"@type\":\"WebSite\",\"@id\":\"https:\\\/\\\/daikosupplies.com\\\/#website\",\"url\":\"https:\\\/\\\/daikosupplies.com\\\/\",\"name\":\"www.daikosupplies.com\",\"description\":\"Materiales, Insumos y Equipos Publicitarios\",\"publisher\":{\"@id\":\"https:\\\/\\\/daikosupplies.com\\\/#organization\"},\"potentialAction\":[{\"@type\":\"SearchAction\",\"target\":{\"@type\":\"EntryPoint\",\"urlTemplate\":\"https:\\\/\\\/daikosupplies.com\\\/?s={search_term_string}\"},\"query-input\":{\"@type\":\"PropertyValueSpecification\",\"valueRequired\":true,\"valueName\":\"search_term_string\"}}],\"inLanguage\":\"es\"},{\"@type\":\"Organization\",\"@id\":\"https:\\\/\\\/daikosupplies.com\\\/#organization\",\"name\":\"Daiko Supplies\",\"url\":\"https:\\\/\\\/daikosupplies.com\\\/\",\"logo\":{\"@type\":\"ImageObject\",\"inLanguage\":\"es\",\"@id\":\"https:\\\/\\\/daikosupplies.com\\\/#\\\/schema\\\/logo\\\/image\\\/\",\"url\":\"https:\\\/\\\/i0.wp.com\\\/daikosupplies.com\\\/wp-content\\\/uploads\\\/2021\\\/04\\\/Logo-Instagram-Daiko-Supplies.png?fit=4213%2C2467&ssl=1\",\"contentUrl\":\"https:\\\/\\\/i0.wp.com\\\/daikosupplies.com\\\/wp-content\\\/uploads\\\/2021\\\/04\\\/Logo-Instagram-Daiko-Supplies.png?fit=4213%2C2467&ssl=1\",\"width\":4213,\"height\":2467,\"caption\":\"Daiko Supplies\"},\"image\":{\"@id\":\"https:\\\/\\\/daikosupplies.com\\\/#\\\/schema\\\/logo\\\/image\\\/\"},\"sameAs\":[\"https:\\\/\\\/www.facebook.com\\\/daikosuplies\",\"https:\\\/\\\/www.instagram.com\\\/daikosupplies\"]}]}<\/script>\n<!-- \/ Yoast SEO plugin. -->","yoast_head_json":{"title":"Plotter de Impresi\u00f3n Sublimaci\u00f3n - Cabezal Epson I3200-A1 - 1.8 metros | www.daikosupplies.com","robots":{"index":"index","follow":"follow","max-snippet":"max-snippet:-1","max-image-preview":"max-image-preview:large","max-video-preview":"max-video-preview:-1"},"canonical":"https:\/\/daikosupplies.com\/?product=plotter-de-impresion-sublimacion-cabezal-epson-i3200-1-8-metros","og_locale":"es_ES","og_type":"article","og_title":"Plotter de Impresi\u00f3n Sublimaci\u00f3n - Cabezal Epson I3200-A1 - 1.8 metros | www.daikosupplies.com","og_description":"Plotter de Impresi\u00f3n Sublimaci\u00f3n \u2013 1.8 metros, Cabezal de impresi\u00f3n EPSON I3200-A1","og_url":"https:\/\/daikosupplies.com\/?product=plotter-de-impresion-sublimacion-cabezal-epson-i3200-1-8-metros","og_site_name":"www.daikosupplies.com","article_publisher":"https:\/\/www.facebook.com\/daikosuplies","article_modified_time":"2022-06-12T23:15:14+00:00","og_image":[{"width":1078,"height":1016,"url":"https:\/\/i0.wp.com\/daikosupplies.com\/wp-content\/uploads\/2022\/02\/Plotter-I3200.jpg?fit=1078%2C1016&ssl=1","type":"image\/jpeg"}],"twitter_card":"summary_large_image","twitter_misc":{"Tiempo estimado de lectura":"1 minuto"},"schema":{"@context":"https:\/\/schema.org","@graph":[{"@type":"WebPage","@id":"https:\/\/daikosupplies.com\/?product=plotter-de-impresion-sublimacion-cabezal-epson-i3200-1-8-metros","url":"https:\/\/daikosupplies.com\/?product=plotter-de-impresion-sublimacion-cabezal-epson-i3200-1-8-metros","name":"Plotter de Impresi\u00f3n Sublimaci\u00f3n - Cabezal Epson I3200-A1 - 1.8 metros | www.daikosupplies.com","isPartOf":{"@id":"https:\/\/daikosupplies.com\/#website"},"primaryImageOfPage":{"@id":"https:\/\/daikosupplies.com\/?product=plotter-de-impresion-sublimacion-cabezal-epson-i3200-1-8-metros#primaryimage"},"image":{"@id":"https:\/\/daikosupplies.com\/?product=plotter-de-impresion-sublimacion-cabezal-epson-i3200-1-8-metros#primaryimage"},"thumbnailUrl":"https:\/\/i0.wp.com\/daikosupplies.com\/wp-content\/uploads\/2022\/02\/Plotter-I3200.jpg?fit=1078%2C1016&ssl=1","datePublished":"2022-02-08T11:53:59+00:00","dateModified":"2022-06-12T23:15:14+00:00","breadcrumb":{"@id":"https:\/\/daikosupplies.com\/?product=plotter-de-impresion-sublimacion-cabezal-epson-i3200-1-8-metros#breadcrumb"},"inLanguage":"es","potentialAction":[{"@type":"ReadAction","target":["https:\/\/daikosupplies.com\/?product=plotter-de-impresion-sublimacion-cabezal-epson-i3200-1-8-metros"]}]},{"@type":"ImageObject","inLanguage":"es","@id":"https:\/\/daikosupplies.com\/?product=plotter-de-impresion-sublimacion-cabezal-epson-i3200-1-8-metros#primaryimage","url":"https:\/\/i0.wp.com\/daikosupplies.com\/wp-content\/uploads\/2022\/02\/Plotter-I3200.jpg?fit=1078%2C1016&ssl=1","contentUrl":"https:\/\/i0.wp.com\/daikosupplies.com\/wp-content\/uploads\/2022\/02\/Plotter-I3200.jpg?fit=1078%2C1016&ssl=1","width":1078,"height":1016},{"@type":"BreadcrumbList","@id":"https:\/\/daikosupplies.com\/?product=plotter-de-impresion-sublimacion-cabezal-epson-i3200-1-8-metros#breadcrumb","itemListElement":[{"@type":"ListItem","position":1,"name":"Portada","item":"https:\/\/daikosupplies.com\/"},{"@type":"ListItem","position":2,"name":"Tienda","item":"https:\/\/daikosupplies.com\/?page_id=401"},{"@type":"ListItem","position":3,"name":"Plotter de Impresi\u00f3n Sublimaci\u00f3n &#8211; Cabezal Epson I3200-A1 &#8211; 1.8 metros"}]},{"@type":"WebSite","@id":"https:\/\/daikosupplies.com\/#website","url":"https:\/\/daikosupplies.com\/","name":"www.daikosupplies.com","description":"Materiales, Insumos y Equipos Publicitarios","publisher":{"@id":"https:\/\/daikosupplies.com\/#organization"},"potentialAction":[{"@type":"SearchAction","target":{"@type":"EntryPoint","urlTemplate":"https:\/\/daikosupplies.com\/?s={search_term_string}"},"query-input":{"@type":"PropertyValueSpecification","valueRequired":true,"valueName":"search_term_string"}}],"inLanguage":"es"},{"@type":"Organization","@id":"https:\/\/daikosupplies.com\/#organization","name":"Daiko Supplies","url":"https:\/\/daikosupplies.com\/","logo":{"@type":"ImageObject","inLanguage":"es","@id":"https:\/\/daikosupplies.com\/#\/schema\/logo\/image\/","url":"https:\/\/i0.wp.com\/daikosupplies.com\/wp-content\/uploads\/2021\/04\/Logo-Instagram-Daiko-Supplies.png?fit=4213%2C2467&ssl=1","contentUrl":"https:\/\/i0.wp.com\/daikosupplies.com\/wp-content\/uploads\/2021\/04\/Logo-Instagram-Daiko-Supplies.png?fit=4213%2C2467&ssl=1","width":4213,"height":2467,"caption":"Daiko Supplies"},"image":{"@id":"https:\/\/daikosupplies.com\/#\/schema\/logo\/image\/"},"sameAs":["https:\/\/www.facebook.com\/daikosuplies","https:\/\/www.instagram.com\/daikosupplies"]}]}},"jetpack-related-posts":[],"jetpack_sharing_enabled":true,"_links":{"self":[{"href":"https:\/\/daikosupplies.com\/index.php?rest_route=\/wp\/v2\/product\/4863","targetHints":{"allow":["GET"]}}],"collection":[{"href":"https:\/\/daikosupplies.com\/index.php?rest_route=\/wp\/v2\/product"}],"about":[{"href":"https:\/\/daikosupplies.com\/index.php?rest_route=\/wp\/v2\/types\/product"}],"replies":[{"embeddable":true,"href":"https:\/\/daikosupplies.com\/index.php?rest_route=%2Fwp%2Fv2%2Fcomments&post=4863"}],"version-history":[{"count":3,"href":"https:\/\/daikosupplies.com\/index.php?rest_route=\/wp\/v2\/product\/4863\/revisions"}],"predecessor-version":[{"id":5131,"href":"https:\/\/daikosupplies.com\/index.php?rest_route=\/wp\/v2\/product\/4863\/revisions\/5131"}],"wp:featuredmedia":[{"embeddable":true,"href":"https:\/\/daikosupplies.com\/index.php?rest_route=\/wp\/v2\/media\/5128"}],"wp:attachment":[{"href":"https:\/\/daikosupplies.com\/index.php?rest_route=%2Fwp%2Fv2%2Fmedia&parent=4863"}],"wp:term":[{"taxonomy":"product_brand","embeddable":true,"href":"https:\/\/daikosupplies.com\/index.php?rest_route=%2Fwp%2Fv2%2Fproduct_brand&post=4863"},{"taxonomy":"product_cat","embeddable":true,"href":"https:\/\/daikosupplies.com\/index.php?rest_route=%2Fwp%2Fv2%2Fproduct_cat&post=4863"},{"taxonomy":"product_tag","embeddable":true,"href":"https:\/\/daikosupplies.com\/index.php?rest_route=%2Fwp%2Fv2%2Fproduct_tag&post=4863"}],"curies":[{"name":"wp","href":"https:\/\/api.w.org\/{rel}","templated":true}]}}