{"id":4859,"date":"2022-02-08T11:10:43","date_gmt":"2022-02-08T11:10:43","guid":{"rendered":"https:\/\/daikosupplies.com\/?post_type=product&#038;p=4859"},"modified":"2023-10-23T11:33:12","modified_gmt":"2023-10-23T11:33:12","slug":"plotter-de-impresion","status":"publish","type":"product","link":"https:\/\/daikosupplies.com\/?product=plotter-de-impresion","title":{"rendered":"Plotter de Impresi\u00f3n Ecosolvente Doble Cabezal I3200 &#8211; 3.2 metros"},"content":{"rendered":"<p>&#8211; Longitud de impresi\u00f3n: 3.2 metros \/ 3.200 mm<br \/>\n&#8211; Cabezal Impresi\u00f3n: Doble Cabezal Epson I3200-E1<br \/>\n&#8211; Sistema de enrrollado autom\u00e1tico de impresi\u00f3n (Double RollUp System)<br \/>\n&#8211; Color Tintas: CMYK<br \/>\n&#8211; Tipo de tintas: Ecosolventes<br \/>\n&#8211; Velocidad de impresi\u00f3n:<\/p>\n<ul>\n<li>2 pases: 75 m2\/h<\/li>\n<li>4 pases: 55 m2\/h<\/li>\n<li>6 pases: 45 m2\/h<\/li>\n<li>8 pases: 30 m2\/h<\/li>\n<\/ul>\n<p>&#8211; Altura m\u00e1xima de impresi\u00f3n: menor a 2 cm<br \/>\n&#8211; Estructura: Aluminio<br \/>\n&#8211; Dimensiones Empaque: (445*100*155) cm<br \/>\n&#8211; Peso neto: 850 kg<br \/>\n&#8211; Conexi\u00f3n: Red<br \/>\n&#8211; Software impresi\u00f3n: Maintop \/ Opcional Photoprint o Flexi Print<br \/>\n&#8211; Sistema Operativo: Windows XP \/ 7 \/ 8 \/ 10<br \/>\n&#8211; Usos: Impresi\u00f3n digital de Vinilos, Lonas, Etiquetas, Tarjetas, etc<\/p>\n","protected":false},"excerpt":{"rendered":"<p>Plotter de Impresi\u00f3n Ecosolvente &#8211; 3.2 metros, Cabezal de impresi\u00f3n I3200-E1<\/p>\n","protected":false},"featured_media":4546,"comment_status":"open","ping_status":"closed","template":"","meta":{"site-sidebar-layout":"default","site-content-layout":"default","ast-site-content-layout":"default","site-content-style":"default","site-sidebar-style":"default","ast-global-header-display":"","ast-banner-title-visibility":"","ast-main-header-display":"","ast-hfb-above-header-display":"","ast-hfb-below-header-display":"","ast-hfb-mobile-header-display":"","site-post-title":"","ast-breadcrumbs-content":"","ast-featured-img":"","footer-sml-layout":"","ast-disable-related-posts":"","theme-transparent-header-meta":"default","adv-header-id-meta":"","stick-header-meta":"","header-above-stick-meta":"","header-main-stick-meta":"","header-below-stick-meta":"","astra-migrate-meta-layouts":"default","ast-page-background-enabled":"default","ast-page-background-meta":{"desktop":{"background-color":"","background-image":"","background-repeat":"repeat","background-position":"center center","background-size":"auto","background-attachment":"scroll","background-type":"","background-media":"","overlay-type":"","overlay-color":"","overlay-opacity":"","overlay-gradient":""},"tablet":{"background-color":"","background-image":"","background-repeat":"repeat","background-position":"center center","background-size":"auto","background-attachment":"scroll","background-type":"","background-media":"","overlay-type":"","overlay-color":"","overlay-opacity":"","overlay-gradient":""},"mobile":{"background-color":"","background-image":"","background-repeat":"repeat","background-position":"center center","background-size":"auto","background-attachment":"scroll","background-type":"","background-media":"","overlay-type":"","overlay-color":"","overlay-opacity":"","overlay-gradient":""}},"ast-content-background-meta":{"desktop":{"background-color":"var(--ast-global-color-5)","background-image":"","background-repeat":"repeat","background-position":"center center","background-size":"auto","background-attachment":"scroll","background-type":"","background-media":"","overlay-type":"","overlay-color":"","overlay-opacity":"","overlay-gradient":""},"tablet":{"background-color":"var(--ast-global-color-5)","background-image":"","background-repeat":"repeat","background-position":"center center","background-size":"auto","background-attachment":"scroll","background-type":"","background-media":"","overlay-type":"","overlay-color":"","overlay-opacity":"","overlay-gradient":""},"mobile":{"background-color":"var(--ast-global-color-5)","background-image":"","background-repeat":"repeat","background-position":"center center","background-size":"auto","background-attachment":"scroll","background-type":"","background-media":"","overlay-type":"","overlay-color":"","overlay-opacity":"","overlay-gradient":""}}},"product_brand":[],"product_cat":[32,107],"product_tag":[54,33,35,72,36,53,48,37,73,34,38,49,47],"class_list":{"0":"post-4859","1":"product","2":"type-product","3":"status-publish","4":"has-post-thumbnail","6":"product_cat-equipos","7":"product_cat-impresion-ecosolvente","8":"product_tag-banner","9":"product_tag-ecosolvente","10":"product_tag-equipos","11":"product_tag-etiquetas","12":"product_tag-impresion","13":"product_tag-lona","14":"product_tag-lonas","15":"product_tag-plotter","16":"product_tag-stickers","17":"product_tag-sublimacion","18":"product_tag-tintas","19":"product_tag-vinil","20":"product_tag-vinilos","21":"desktop-align-left","22":"tablet-align-left","23":"mobile-align-left","25":"first","26":"instock","27":"sale","28":"shipping-taxable","29":"purchasable","30":"product-type-simple"},"yoast_head":"<!-- This site is optimized with the Yoast SEO plugin v27.5 - https:\/\/yoast.com\/product\/yoast-seo-wordpress\/ -->\n<title>Plotter de Impresi\u00f3n Ecosolvente Doble Cabezal I3200 - 3.2 metros | www.daikosupplies.com<\/title>\n<meta name=\"description\" content=\"Plotter para imprimir aplicaciones que incluyen carteles, avisos retroiluminados, se\u00f1alizaci\u00f3n, exteriores de veh\u00edculos, exhibiciones y m\u00e1s.\" \/>\n<meta name=\"robots\" content=\"index, follow, max-snippet:-1, max-image-preview:large, max-video-preview:-1\" \/>\n<link rel=\"canonical\" href=\"https:\/\/daikosupplies.com\/?product=plotter-de-impresion\" \/>\n<meta property=\"og:locale\" content=\"es_ES\" \/>\n<meta property=\"og:type\" content=\"article\" \/>\n<meta property=\"og:title\" content=\"Plotter de Impresi\u00f3n Ecosolvente Doble Cabezal I3200 - 3.2 metros | www.daikosupplies.com\" \/>\n<meta property=\"og:description\" content=\"Plotter para imprimir aplicaciones que incluyen carteles, avisos retroiluminados, se\u00f1alizaci\u00f3n, exteriores de veh\u00edculos, exhibiciones y m\u00e1s.\" \/>\n<meta property=\"og:url\" content=\"https:\/\/daikosupplies.com\/?product=plotter-de-impresion\" \/>\n<meta property=\"og:site_name\" content=\"www.daikosupplies.com\" \/>\n<meta property=\"article:publisher\" content=\"https:\/\/www.facebook.com\/daikosuplies\" \/>\n<meta property=\"article:modified_time\" content=\"2023-10-23T11:33:12+00:00\" \/>\n<meta property=\"og:image\" content=\"https:\/\/i0.wp.com\/daikosupplies.com\/wp-content\/uploads\/2021\/04\/Plotter-S2000-GX5.png?fit=1080%2C1080&ssl=1\" \/>\n\t<meta property=\"og:image:width\" content=\"1080\" \/>\n\t<meta property=\"og:image:height\" content=\"1080\" \/>\n\t<meta property=\"og:image:type\" content=\"image\/png\" \/>\n<meta name=\"twitter:card\" content=\"summary_large_image\" \/>\n<meta name=\"twitter:label1\" content=\"Tiempo estimado de lectura\" \/>\n\t<meta name=\"twitter:data1\" content=\"1 minuto\" \/>\n<script type=\"application\/ld+json\" class=\"yoast-schema-graph\">{\"@context\":\"https:\\\/\\\/schema.org\",\"@graph\":[{\"@type\":\"WebPage\",\"@id\":\"https:\\\/\\\/daikosupplies.com\\\/?product=plotter-de-impresion\",\"url\":\"https:\\\/\\\/daikosupplies.com\\\/?product=plotter-de-impresion\",\"name\":\"Plotter de Impresi\u00f3n Ecosolvente Doble Cabezal I3200 - 3.2 metros | www.daikosupplies.com\",\"isPartOf\":{\"@id\":\"https:\\\/\\\/daikosupplies.com\\\/#website\"},\"primaryImageOfPage\":{\"@id\":\"https:\\\/\\\/daikosupplies.com\\\/?product=plotter-de-impresion#primaryimage\"},\"image\":{\"@id\":\"https:\\\/\\\/daikosupplies.com\\\/?product=plotter-de-impresion#primaryimage\"},\"thumbnailUrl\":\"https:\\\/\\\/i0.wp.com\\\/daikosupplies.com\\\/wp-content\\\/uploads\\\/2021\\\/04\\\/Plotter-S2000-GX5.png?fit=1080%2C1080&ssl=1\",\"datePublished\":\"2022-02-08T11:10:43+00:00\",\"dateModified\":\"2023-10-23T11:33:12+00:00\",\"description\":\"Plotter para imprimir aplicaciones que incluyen carteles, avisos retroiluminados, se\u00f1alizaci\u00f3n, exteriores de veh\u00edculos, exhibiciones y m\u00e1s.\",\"breadcrumb\":{\"@id\":\"https:\\\/\\\/daikosupplies.com\\\/?product=plotter-de-impresion#breadcrumb\"},\"inLanguage\":\"es\",\"potentialAction\":[{\"@type\":\"ReadAction\",\"target\":[\"https:\\\/\\\/daikosupplies.com\\\/?product=plotter-de-impresion\"]}]},{\"@type\":\"ImageObject\",\"inLanguage\":\"es\",\"@id\":\"https:\\\/\\\/daikosupplies.com\\\/?product=plotter-de-impresion#primaryimage\",\"url\":\"https:\\\/\\\/i0.wp.com\\\/daikosupplies.com\\\/wp-content\\\/uploads\\\/2021\\\/04\\\/Plotter-S2000-GX5.png?fit=1080%2C1080&ssl=1\",\"contentUrl\":\"https:\\\/\\\/i0.wp.com\\\/daikosupplies.com\\\/wp-content\\\/uploads\\\/2021\\\/04\\\/Plotter-S2000-GX5.png?fit=1080%2C1080&ssl=1\",\"width\":1080,\"height\":1080},{\"@type\":\"BreadcrumbList\",\"@id\":\"https:\\\/\\\/daikosupplies.com\\\/?product=plotter-de-impresion#breadcrumb\",\"itemListElement\":[{\"@type\":\"ListItem\",\"position\":1,\"name\":\"Portada\",\"item\":\"https:\\\/\\\/daikosupplies.com\\\/\"},{\"@type\":\"ListItem\",\"position\":2,\"name\":\"Tienda\",\"item\":\"https:\\\/\\\/daikosupplies.com\\\/?page_id=401\"},{\"@type\":\"ListItem\",\"position\":3,\"name\":\"Plotter de Impresi\u00f3n Ecosolvente Doble Cabezal I3200 &#8211; 3.2 metros\"}]},{\"@type\":\"WebSite\",\"@id\":\"https:\\\/\\\/daikosupplies.com\\\/#website\",\"url\":\"https:\\\/\\\/daikosupplies.com\\\/\",\"name\":\"www.daikosupplies.com\",\"description\":\"Materiales, Insumos y Equipos Publicitarios\",\"publisher\":{\"@id\":\"https:\\\/\\\/daikosupplies.com\\\/#organization\"},\"potentialAction\":[{\"@type\":\"SearchAction\",\"target\":{\"@type\":\"EntryPoint\",\"urlTemplate\":\"https:\\\/\\\/daikosupplies.com\\\/?s={search_term_string}\"},\"query-input\":{\"@type\":\"PropertyValueSpecification\",\"valueRequired\":true,\"valueName\":\"search_term_string\"}}],\"inLanguage\":\"es\"},{\"@type\":\"Organization\",\"@id\":\"https:\\\/\\\/daikosupplies.com\\\/#organization\",\"name\":\"Daiko Supplies\",\"url\":\"https:\\\/\\\/daikosupplies.com\\\/\",\"logo\":{\"@type\":\"ImageObject\",\"inLanguage\":\"es\",\"@id\":\"https:\\\/\\\/daikosupplies.com\\\/#\\\/schema\\\/logo\\\/image\\\/\",\"url\":\"https:\\\/\\\/i0.wp.com\\\/daikosupplies.com\\\/wp-content\\\/uploads\\\/2021\\\/04\\\/Logo-Instagram-Daiko-Supplies.png?fit=4213%2C2467&ssl=1\",\"contentUrl\":\"https:\\\/\\\/i0.wp.com\\\/daikosupplies.com\\\/wp-content\\\/uploads\\\/2021\\\/04\\\/Logo-Instagram-Daiko-Supplies.png?fit=4213%2C2467&ssl=1\",\"width\":4213,\"height\":2467,\"caption\":\"Daiko Supplies\"},\"image\":{\"@id\":\"https:\\\/\\\/daikosupplies.com\\\/#\\\/schema\\\/logo\\\/image\\\/\"},\"sameAs\":[\"https:\\\/\\\/www.facebook.com\\\/daikosuplies\",\"https:\\\/\\\/www.instagram.com\\\/daikosupplies\"]}]}<\/script>\n<!-- \/ Yoast SEO plugin. -->","yoast_head_json":{"title":"Plotter de Impresi\u00f3n Ecosolvente Doble Cabezal I3200 - 3.2 metros | www.daikosupplies.com","description":"Plotter para imprimir aplicaciones que incluyen carteles, avisos retroiluminados, se\u00f1alizaci\u00f3n, exteriores de veh\u00edculos, exhibiciones y m\u00e1s.","robots":{"index":"index","follow":"follow","max-snippet":"max-snippet:-1","max-image-preview":"max-image-preview:large","max-video-preview":"max-video-preview:-1"},"canonical":"https:\/\/daikosupplies.com\/?product=plotter-de-impresion","og_locale":"es_ES","og_type":"article","og_title":"Plotter de Impresi\u00f3n Ecosolvente Doble Cabezal I3200 - 3.2 metros | www.daikosupplies.com","og_description":"Plotter para imprimir aplicaciones que incluyen carteles, avisos retroiluminados, se\u00f1alizaci\u00f3n, exteriores de veh\u00edculos, exhibiciones y m\u00e1s.","og_url":"https:\/\/daikosupplies.com\/?product=plotter-de-impresion","og_site_name":"www.daikosupplies.com","article_publisher":"https:\/\/www.facebook.com\/daikosuplies","article_modified_time":"2023-10-23T11:33:12+00:00","og_image":[{"width":1080,"height":1080,"url":"https:\/\/i0.wp.com\/daikosupplies.com\/wp-content\/uploads\/2021\/04\/Plotter-S2000-GX5.png?fit=1080%2C1080&ssl=1","type":"image\/png"}],"twitter_card":"summary_large_image","twitter_misc":{"Tiempo estimado de lectura":"1 minuto"},"schema":{"@context":"https:\/\/schema.org","@graph":[{"@type":"WebPage","@id":"https:\/\/daikosupplies.com\/?product=plotter-de-impresion","url":"https:\/\/daikosupplies.com\/?product=plotter-de-impresion","name":"Plotter de Impresi\u00f3n Ecosolvente Doble Cabezal I3200 - 3.2 metros | www.daikosupplies.com","isPartOf":{"@id":"https:\/\/daikosupplies.com\/#website"},"primaryImageOfPage":{"@id":"https:\/\/daikosupplies.com\/?product=plotter-de-impresion#primaryimage"},"image":{"@id":"https:\/\/daikosupplies.com\/?product=plotter-de-impresion#primaryimage"},"thumbnailUrl":"https:\/\/i0.wp.com\/daikosupplies.com\/wp-content\/uploads\/2021\/04\/Plotter-S2000-GX5.png?fit=1080%2C1080&ssl=1","datePublished":"2022-02-08T11:10:43+00:00","dateModified":"2023-10-23T11:33:12+00:00","description":"Plotter para imprimir aplicaciones que incluyen carteles, avisos retroiluminados, se\u00f1alizaci\u00f3n, exteriores de veh\u00edculos, exhibiciones y m\u00e1s.","breadcrumb":{"@id":"https:\/\/daikosupplies.com\/?product=plotter-de-impresion#breadcrumb"},"inLanguage":"es","potentialAction":[{"@type":"ReadAction","target":["https:\/\/daikosupplies.com\/?product=plotter-de-impresion"]}]},{"@type":"ImageObject","inLanguage":"es","@id":"https:\/\/daikosupplies.com\/?product=plotter-de-impresion#primaryimage","url":"https:\/\/i0.wp.com\/daikosupplies.com\/wp-content\/uploads\/2021\/04\/Plotter-S2000-GX5.png?fit=1080%2C1080&ssl=1","contentUrl":"https:\/\/i0.wp.com\/daikosupplies.com\/wp-content\/uploads\/2021\/04\/Plotter-S2000-GX5.png?fit=1080%2C1080&ssl=1","width":1080,"height":1080},{"@type":"BreadcrumbList","@id":"https:\/\/daikosupplies.com\/?product=plotter-de-impresion#breadcrumb","itemListElement":[{"@type":"ListItem","position":1,"name":"Portada","item":"https:\/\/daikosupplies.com\/"},{"@type":"ListItem","position":2,"name":"Tienda","item":"https:\/\/daikosupplies.com\/?page_id=401"},{"@type":"ListItem","position":3,"name":"Plotter de Impresi\u00f3n Ecosolvente Doble Cabezal I3200 &#8211; 3.2 metros"}]},{"@type":"WebSite","@id":"https:\/\/daikosupplies.com\/#website","url":"https:\/\/daikosupplies.com\/","name":"www.daikosupplies.com","description":"Materiales, Insumos y Equipos Publicitarios","publisher":{"@id":"https:\/\/daikosupplies.com\/#organization"},"potentialAction":[{"@type":"SearchAction","target":{"@type":"EntryPoint","urlTemplate":"https:\/\/daikosupplies.com\/?s={search_term_string}"},"query-input":{"@type":"PropertyValueSpecification","valueRequired":true,"valueName":"search_term_string"}}],"inLanguage":"es"},{"@type":"Organization","@id":"https:\/\/daikosupplies.com\/#organization","name":"Daiko Supplies","url":"https:\/\/daikosupplies.com\/","logo":{"@type":"ImageObject","inLanguage":"es","@id":"https:\/\/daikosupplies.com\/#\/schema\/logo\/image\/","url":"https:\/\/i0.wp.com\/daikosupplies.com\/wp-content\/uploads\/2021\/04\/Logo-Instagram-Daiko-Supplies.png?fit=4213%2C2467&ssl=1","contentUrl":"https:\/\/i0.wp.com\/daikosupplies.com\/wp-content\/uploads\/2021\/04\/Logo-Instagram-Daiko-Supplies.png?fit=4213%2C2467&ssl=1","width":4213,"height":2467,"caption":"Daiko Supplies"},"image":{"@id":"https:\/\/daikosupplies.com\/#\/schema\/logo\/image\/"},"sameAs":["https:\/\/www.facebook.com\/daikosuplies","https:\/\/www.instagram.com\/daikosupplies"]}]}},"jetpack-related-posts":[],"jetpack_sharing_enabled":true,"_links":{"self":[{"href":"https:\/\/daikosupplies.com\/index.php?rest_route=\/wp\/v2\/product\/4859","targetHints":{"allow":["GET"]}}],"collection":[{"href":"https:\/\/daikosupplies.com\/index.php?rest_route=\/wp\/v2\/product"}],"about":[{"href":"https:\/\/daikosupplies.com\/index.php?rest_route=\/wp\/v2\/types\/product"}],"replies":[{"embeddable":true,"href":"https:\/\/daikosupplies.com\/index.php?rest_route=%2Fwp%2Fv2%2Fcomments&post=4859"}],"version-history":[{"count":5,"href":"https:\/\/daikosupplies.com\/index.php?rest_route=\/wp\/v2\/product\/4859\/revisions"}],"predecessor-version":[{"id":5197,"href":"https:\/\/daikosupplies.com\/index.php?rest_route=\/wp\/v2\/product\/4859\/revisions\/5197"}],"wp:featuredmedia":[{"embeddable":true,"href":"https:\/\/daikosupplies.com\/index.php?rest_route=\/wp\/v2\/media\/4546"}],"wp:attachment":[{"href":"https:\/\/daikosupplies.com\/index.php?rest_route=%2Fwp%2Fv2%2Fmedia&parent=4859"}],"wp:term":[{"taxonomy":"product_brand","embeddable":true,"href":"https:\/\/daikosupplies.com\/index.php?rest_route=%2Fwp%2Fv2%2Fproduct_brand&post=4859"},{"taxonomy":"product_cat","embeddable":true,"href":"https:\/\/daikosupplies.com\/index.php?rest_route=%2Fwp%2Fv2%2Fproduct_cat&post=4859"},{"taxonomy":"product_tag","embeddable":true,"href":"https:\/\/daikosupplies.com\/index.php?rest_route=%2Fwp%2Fv2%2Fproduct_tag&post=4859"}],"curies":[{"name":"wp","href":"https:\/\/api.w.org\/{rel}","templated":true}]}}