{"id":4833,"date":"2021-10-31T15:17:07","date_gmt":"2021-10-31T15:17:07","guid":{"rendered":"https:\/\/daikosupplies.com\/?post_type=product&#038;p=4833"},"modified":"2022-06-12T23:23:52","modified_gmt":"2022-06-12T23:23:52","slug":"tintas-de-sublimacion-para-plotter-de-impresion-1-litro","status":"publish","type":"product","link":"https:\/\/daikosupplies.com\/?product=tintas-de-sublimacion-para-plotter-de-impresion-1-litro","title":{"rendered":"Tintas de Sublimaci\u00f3n Para Plotter De Impresi\u00f3n &#8211; 1 Litro"},"content":{"rendered":"<p>Ideal para Plotters de Sublimaci\u00f3n<\/p>\n<p>&#8211; Tipo: Sublimaci\u00f3n<br \/>\n&#8211; Colores: C \/ M \/ Y \/ K<br \/>\n&#8211; Cabezales compatibles: DX4 | DX5 | DX6 | DX7 | DX11 | XP600 | I3200-A1<br \/>\n&#8211; Presentaci\u00f3n: Botella Pl\u00e1stica x 1 litro<\/p>\n","protected":false},"excerpt":{"rendered":"<p>Tintas para impresi\u00f3n en Sublimaci\u00f3n &#8211; CMYK<\/p>\n","protected":false},"featured_media":4881,"comment_status":"open","ping_status":"closed","template":"","meta":{"site-sidebar-layout":"default","site-content-layout":"default","ast-site-content-layout":"default","site-content-style":"default","site-sidebar-style":"default","ast-global-header-display":"","ast-banner-title-visibility":"","ast-main-header-display":"","ast-hfb-above-header-display":"","ast-hfb-below-header-display":"","ast-hfb-mobile-header-display":"","site-post-title":"","ast-breadcrumbs-content":"","ast-featured-img":"","footer-sml-layout":"","ast-disable-related-posts":"","theme-transparent-header-meta":"default","adv-header-id-meta":"","stick-header-meta":"","header-above-stick-meta":"","header-main-stick-meta":"","header-below-stick-meta":"","astra-migrate-meta-layouts":"default","ast-page-background-enabled":"default","ast-page-background-meta":{"desktop":{"background-color":"","background-image":"","background-repeat":"repeat","background-position":"center center","background-size":"auto","background-attachment":"scroll","background-type":"","background-media":"","overlay-type":"","overlay-color":"","overlay-opacity":"","overlay-gradient":""},"tablet":{"background-color":"","background-image":"","background-repeat":"repeat","background-position":"center center","background-size":"auto","background-attachment":"scroll","background-type":"","background-media":"","overlay-type":"","overlay-color":"","overlay-opacity":"","overlay-gradient":""},"mobile":{"background-color":"","background-image":"","background-repeat":"repeat","background-position":"center center","background-size":"auto","background-attachment":"scroll","background-type":"","background-media":"","overlay-type":"","overlay-color":"","overlay-opacity":"","overlay-gradient":""}},"ast-content-background-meta":{"desktop":{"background-color":"var(--ast-global-color-5)","background-image":"","background-repeat":"repeat","background-position":"center center","background-size":"auto","background-attachment":"scroll","background-type":"","background-media":"","overlay-type":"","overlay-color":"","overlay-opacity":"","overlay-gradient":""},"tablet":{"background-color":"var(--ast-global-color-5)","background-image":"","background-repeat":"repeat","background-position":"center center","background-size":"auto","background-attachment":"scroll","background-type":"","background-media":"","overlay-type":"","overlay-color":"","overlay-opacity":"","overlay-gradient":""},"mobile":{"background-color":"var(--ast-global-color-5)","background-image":"","background-repeat":"repeat","background-position":"center center","background-size":"auto","background-attachment":"scroll","background-type":"","background-media":"","overlay-type":"","overlay-color":"","overlay-opacity":"","overlay-gradient":""}}},"product_brand":[],"product_cat":[128,129],"product_tag":[36,69,70,81,34,38],"class_list":{"0":"post-4833","1":"product","2":"type-product","3":"status-publish","4":"has-post-thumbnail","6":"product_cat-sublimacion","7":"product_cat-tintas-sublimacion","8":"product_tag-impresion","9":"product_tag-poliester","10":"product_tag-ropa","11":"product_tag-sintetico","12":"product_tag-sublimacion","13":"product_tag-tintas","14":"desktop-align-left","15":"tablet-align-left","16":"mobile-align-left","18":"first","19":"instock","20":"shipping-taxable","21":"purchasable","22":"product-type-variable"},"yoast_head":"<!-- This site is optimized with the Yoast SEO plugin v27.5 - https:\/\/yoast.com\/product\/yoast-seo-wordpress\/ -->\n<title>Tintas de Sublimaci\u00f3n Para Plotter De Impresi\u00f3n - 1 Litro | www.daikosupplies.com<\/title>\n<meta name=\"robots\" content=\"index, follow, max-snippet:-1, max-image-preview:large, max-video-preview:-1\" \/>\n<link rel=\"canonical\" href=\"https:\/\/daikosupplies.com\/?product=tintas-de-sublimacion-para-plotter-de-impresion-1-litro\" \/>\n<meta property=\"og:locale\" content=\"es_ES\" \/>\n<meta property=\"og:type\" content=\"article\" \/>\n<meta property=\"og:title\" content=\"Tintas de Sublimaci\u00f3n Para Plotter De Impresi\u00f3n - 1 Litro | www.daikosupplies.com\" \/>\n<meta property=\"og:description\" content=\"Tintas para impresi\u00f3n en Sublimaci\u00f3n - CMYK\" \/>\n<meta property=\"og:url\" content=\"https:\/\/daikosupplies.com\/?product=tintas-de-sublimacion-para-plotter-de-impresion-1-litro\" \/>\n<meta property=\"og:site_name\" content=\"www.daikosupplies.com\" \/>\n<meta property=\"article:publisher\" content=\"https:\/\/www.facebook.com\/daikosuplies\" \/>\n<meta property=\"article:modified_time\" content=\"2022-06-12T23:23:52+00:00\" \/>\n<meta property=\"og:image\" content=\"https:\/\/i0.wp.com\/daikosupplies.com\/wp-content\/uploads\/2022\/02\/T-SUBLIMACION.jpg?fit=1080%2C1080&ssl=1\" \/>\n\t<meta property=\"og:image:width\" content=\"1080\" \/>\n\t<meta property=\"og:image:height\" content=\"1080\" \/>\n\t<meta property=\"og:image:type\" content=\"image\/jpeg\" \/>\n<meta name=\"twitter:card\" content=\"summary_large_image\" \/>\n<meta name=\"twitter:label1\" content=\"Tiempo estimado de lectura\" \/>\n\t<meta name=\"twitter:data1\" content=\"1 minuto\" \/>\n<script type=\"application\/ld+json\" class=\"yoast-schema-graph\">{\"@context\":\"https:\\\/\\\/schema.org\",\"@graph\":[{\"@type\":\"WebPage\",\"@id\":\"https:\\\/\\\/daikosupplies.com\\\/?product=tintas-de-sublimacion-para-plotter-de-impresion-1-litro\",\"url\":\"https:\\\/\\\/daikosupplies.com\\\/?product=tintas-de-sublimacion-para-plotter-de-impresion-1-litro\",\"name\":\"Tintas de Sublimaci\u00f3n Para Plotter De Impresi\u00f3n - 1 Litro | www.daikosupplies.com\",\"isPartOf\":{\"@id\":\"https:\\\/\\\/daikosupplies.com\\\/#website\"},\"primaryImageOfPage\":{\"@id\":\"https:\\\/\\\/daikosupplies.com\\\/?product=tintas-de-sublimacion-para-plotter-de-impresion-1-litro#primaryimage\"},\"image\":{\"@id\":\"https:\\\/\\\/daikosupplies.com\\\/?product=tintas-de-sublimacion-para-plotter-de-impresion-1-litro#primaryimage\"},\"thumbnailUrl\":\"https:\\\/\\\/i0.wp.com\\\/daikosupplies.com\\\/wp-content\\\/uploads\\\/2022\\\/02\\\/T-SUBLIMACION.jpg?fit=1080%2C1080&ssl=1\",\"datePublished\":\"2021-10-31T15:17:07+00:00\",\"dateModified\":\"2022-06-12T23:23:52+00:00\",\"breadcrumb\":{\"@id\":\"https:\\\/\\\/daikosupplies.com\\\/?product=tintas-de-sublimacion-para-plotter-de-impresion-1-litro#breadcrumb\"},\"inLanguage\":\"es\",\"potentialAction\":[{\"@type\":\"ReadAction\",\"target\":[\"https:\\\/\\\/daikosupplies.com\\\/?product=tintas-de-sublimacion-para-plotter-de-impresion-1-litro\"]}]},{\"@type\":\"ImageObject\",\"inLanguage\":\"es\",\"@id\":\"https:\\\/\\\/daikosupplies.com\\\/?product=tintas-de-sublimacion-para-plotter-de-impresion-1-litro#primaryimage\",\"url\":\"https:\\\/\\\/i0.wp.com\\\/daikosupplies.com\\\/wp-content\\\/uploads\\\/2022\\\/02\\\/T-SUBLIMACION.jpg?fit=1080%2C1080&ssl=1\",\"contentUrl\":\"https:\\\/\\\/i0.wp.com\\\/daikosupplies.com\\\/wp-content\\\/uploads\\\/2022\\\/02\\\/T-SUBLIMACION.jpg?fit=1080%2C1080&ssl=1\",\"width\":1080,\"height\":1080},{\"@type\":\"BreadcrumbList\",\"@id\":\"https:\\\/\\\/daikosupplies.com\\\/?product=tintas-de-sublimacion-para-plotter-de-impresion-1-litro#breadcrumb\",\"itemListElement\":[{\"@type\":\"ListItem\",\"position\":1,\"name\":\"Portada\",\"item\":\"https:\\\/\\\/daikosupplies.com\\\/\"},{\"@type\":\"ListItem\",\"position\":2,\"name\":\"Tienda\",\"item\":\"https:\\\/\\\/daikosupplies.com\\\/?page_id=401\"},{\"@type\":\"ListItem\",\"position\":3,\"name\":\"Tintas de Sublimaci\u00f3n Para Plotter De Impresi\u00f3n &#8211; 1 Litro\"}]},{\"@type\":\"WebSite\",\"@id\":\"https:\\\/\\\/daikosupplies.com\\\/#website\",\"url\":\"https:\\\/\\\/daikosupplies.com\\\/\",\"name\":\"www.daikosupplies.com\",\"description\":\"Materiales, Insumos y Equipos Publicitarios\",\"publisher\":{\"@id\":\"https:\\\/\\\/daikosupplies.com\\\/#organization\"},\"potentialAction\":[{\"@type\":\"SearchAction\",\"target\":{\"@type\":\"EntryPoint\",\"urlTemplate\":\"https:\\\/\\\/daikosupplies.com\\\/?s={search_term_string}\"},\"query-input\":{\"@type\":\"PropertyValueSpecification\",\"valueRequired\":true,\"valueName\":\"search_term_string\"}}],\"inLanguage\":\"es\"},{\"@type\":\"Organization\",\"@id\":\"https:\\\/\\\/daikosupplies.com\\\/#organization\",\"name\":\"Daiko Supplies\",\"url\":\"https:\\\/\\\/daikosupplies.com\\\/\",\"logo\":{\"@type\":\"ImageObject\",\"inLanguage\":\"es\",\"@id\":\"https:\\\/\\\/daikosupplies.com\\\/#\\\/schema\\\/logo\\\/image\\\/\",\"url\":\"https:\\\/\\\/i0.wp.com\\\/daikosupplies.com\\\/wp-content\\\/uploads\\\/2021\\\/04\\\/Logo-Instagram-Daiko-Supplies.png?fit=4213%2C2467&ssl=1\",\"contentUrl\":\"https:\\\/\\\/i0.wp.com\\\/daikosupplies.com\\\/wp-content\\\/uploads\\\/2021\\\/04\\\/Logo-Instagram-Daiko-Supplies.png?fit=4213%2C2467&ssl=1\",\"width\":4213,\"height\":2467,\"caption\":\"Daiko Supplies\"},\"image\":{\"@id\":\"https:\\\/\\\/daikosupplies.com\\\/#\\\/schema\\\/logo\\\/image\\\/\"},\"sameAs\":[\"https:\\\/\\\/www.facebook.com\\\/daikosuplies\",\"https:\\\/\\\/www.instagram.com\\\/daikosupplies\"]}]}<\/script>\n<!-- \/ Yoast SEO plugin. -->","yoast_head_json":{"title":"Tintas de Sublimaci\u00f3n Para Plotter De Impresi\u00f3n - 1 Litro | www.daikosupplies.com","robots":{"index":"index","follow":"follow","max-snippet":"max-snippet:-1","max-image-preview":"max-image-preview:large","max-video-preview":"max-video-preview:-1"},"canonical":"https:\/\/daikosupplies.com\/?product=tintas-de-sublimacion-para-plotter-de-impresion-1-litro","og_locale":"es_ES","og_type":"article","og_title":"Tintas de Sublimaci\u00f3n Para Plotter De Impresi\u00f3n - 1 Litro | www.daikosupplies.com","og_description":"Tintas para impresi\u00f3n en Sublimaci\u00f3n - CMYK","og_url":"https:\/\/daikosupplies.com\/?product=tintas-de-sublimacion-para-plotter-de-impresion-1-litro","og_site_name":"www.daikosupplies.com","article_publisher":"https:\/\/www.facebook.com\/daikosuplies","article_modified_time":"2022-06-12T23:23:52+00:00","og_image":[{"width":1080,"height":1080,"url":"https:\/\/i0.wp.com\/daikosupplies.com\/wp-content\/uploads\/2022\/02\/T-SUBLIMACION.jpg?fit=1080%2C1080&ssl=1","type":"image\/jpeg"}],"twitter_card":"summary_large_image","twitter_misc":{"Tiempo estimado de lectura":"1 minuto"},"schema":{"@context":"https:\/\/schema.org","@graph":[{"@type":"WebPage","@id":"https:\/\/daikosupplies.com\/?product=tintas-de-sublimacion-para-plotter-de-impresion-1-litro","url":"https:\/\/daikosupplies.com\/?product=tintas-de-sublimacion-para-plotter-de-impresion-1-litro","name":"Tintas de Sublimaci\u00f3n Para Plotter De Impresi\u00f3n - 1 Litro | www.daikosupplies.com","isPartOf":{"@id":"https:\/\/daikosupplies.com\/#website"},"primaryImageOfPage":{"@id":"https:\/\/daikosupplies.com\/?product=tintas-de-sublimacion-para-plotter-de-impresion-1-litro#primaryimage"},"image":{"@id":"https:\/\/daikosupplies.com\/?product=tintas-de-sublimacion-para-plotter-de-impresion-1-litro#primaryimage"},"thumbnailUrl":"https:\/\/i0.wp.com\/daikosupplies.com\/wp-content\/uploads\/2022\/02\/T-SUBLIMACION.jpg?fit=1080%2C1080&ssl=1","datePublished":"2021-10-31T15:17:07+00:00","dateModified":"2022-06-12T23:23:52+00:00","breadcrumb":{"@id":"https:\/\/daikosupplies.com\/?product=tintas-de-sublimacion-para-plotter-de-impresion-1-litro#breadcrumb"},"inLanguage":"es","potentialAction":[{"@type":"ReadAction","target":["https:\/\/daikosupplies.com\/?product=tintas-de-sublimacion-para-plotter-de-impresion-1-litro"]}]},{"@type":"ImageObject","inLanguage":"es","@id":"https:\/\/daikosupplies.com\/?product=tintas-de-sublimacion-para-plotter-de-impresion-1-litro#primaryimage","url":"https:\/\/i0.wp.com\/daikosupplies.com\/wp-content\/uploads\/2022\/02\/T-SUBLIMACION.jpg?fit=1080%2C1080&ssl=1","contentUrl":"https:\/\/i0.wp.com\/daikosupplies.com\/wp-content\/uploads\/2022\/02\/T-SUBLIMACION.jpg?fit=1080%2C1080&ssl=1","width":1080,"height":1080},{"@type":"BreadcrumbList","@id":"https:\/\/daikosupplies.com\/?product=tintas-de-sublimacion-para-plotter-de-impresion-1-litro#breadcrumb","itemListElement":[{"@type":"ListItem","position":1,"name":"Portada","item":"https:\/\/daikosupplies.com\/"},{"@type":"ListItem","position":2,"name":"Tienda","item":"https:\/\/daikosupplies.com\/?page_id=401"},{"@type":"ListItem","position":3,"name":"Tintas de Sublimaci\u00f3n Para Plotter De Impresi\u00f3n &#8211; 1 Litro"}]},{"@type":"WebSite","@id":"https:\/\/daikosupplies.com\/#website","url":"https:\/\/daikosupplies.com\/","name":"www.daikosupplies.com","description":"Materiales, Insumos y Equipos Publicitarios","publisher":{"@id":"https:\/\/daikosupplies.com\/#organization"},"potentialAction":[{"@type":"SearchAction","target":{"@type":"EntryPoint","urlTemplate":"https:\/\/daikosupplies.com\/?s={search_term_string}"},"query-input":{"@type":"PropertyValueSpecification","valueRequired":true,"valueName":"search_term_string"}}],"inLanguage":"es"},{"@type":"Organization","@id":"https:\/\/daikosupplies.com\/#organization","name":"Daiko Supplies","url":"https:\/\/daikosupplies.com\/","logo":{"@type":"ImageObject","inLanguage":"es","@id":"https:\/\/daikosupplies.com\/#\/schema\/logo\/image\/","url":"https:\/\/i0.wp.com\/daikosupplies.com\/wp-content\/uploads\/2021\/04\/Logo-Instagram-Daiko-Supplies.png?fit=4213%2C2467&ssl=1","contentUrl":"https:\/\/i0.wp.com\/daikosupplies.com\/wp-content\/uploads\/2021\/04\/Logo-Instagram-Daiko-Supplies.png?fit=4213%2C2467&ssl=1","width":4213,"height":2467,"caption":"Daiko Supplies"},"image":{"@id":"https:\/\/daikosupplies.com\/#\/schema\/logo\/image\/"},"sameAs":["https:\/\/www.facebook.com\/daikosuplies","https:\/\/www.instagram.com\/daikosupplies"]}]}},"jetpack-related-posts":[],"jetpack_sharing_enabled":true,"_links":{"self":[{"href":"https:\/\/daikosupplies.com\/index.php?rest_route=\/wp\/v2\/product\/4833","targetHints":{"allow":["GET"]}}],"collection":[{"href":"https:\/\/daikosupplies.com\/index.php?rest_route=\/wp\/v2\/product"}],"about":[{"href":"https:\/\/daikosupplies.com\/index.php?rest_route=\/wp\/v2\/types\/product"}],"replies":[{"embeddable":true,"href":"https:\/\/daikosupplies.com\/index.php?rest_route=%2Fwp%2Fv2%2Fcomments&post=4833"}],"version-history":[{"count":2,"href":"https:\/\/daikosupplies.com\/index.php?rest_route=\/wp\/v2\/product\/4833\/revisions"}],"predecessor-version":[{"id":4894,"href":"https:\/\/daikosupplies.com\/index.php?rest_route=\/wp\/v2\/product\/4833\/revisions\/4894"}],"wp:featuredmedia":[{"embeddable":true,"href":"https:\/\/daikosupplies.com\/index.php?rest_route=\/wp\/v2\/media\/4881"}],"wp:attachment":[{"href":"https:\/\/daikosupplies.com\/index.php?rest_route=%2Fwp%2Fv2%2Fmedia&parent=4833"}],"wp:term":[{"taxonomy":"product_brand","embeddable":true,"href":"https:\/\/daikosupplies.com\/index.php?rest_route=%2Fwp%2Fv2%2Fproduct_brand&post=4833"},{"taxonomy":"product_cat","embeddable":true,"href":"https:\/\/daikosupplies.com\/index.php?rest_route=%2Fwp%2Fv2%2Fproduct_cat&post=4833"},{"taxonomy":"product_tag","embeddable":true,"href":"https:\/\/daikosupplies.com\/index.php?rest_route=%2Fwp%2Fv2%2Fproduct_tag&post=4833"}],"curies":[{"name":"wp","href":"https:\/\/api.w.org\/{rel}","templated":true}]}}