{"id":4677,"date":"2021-04-29T22:46:56","date_gmt":"2021-04-29T22:46:56","guid":{"rendered":"https:\/\/daikosupplies.com\/?post_type=product&#038;p=4677"},"modified":"2024-10-13T22:19:52","modified_gmt":"2024-10-13T22:19:52","slug":"lona-banner-brillante-13oz-440gsm-50-metros","status":"publish","type":"product","link":"https:\/\/daikosupplies.com\/?product=lona-banner-brillante-13oz-440gsm-50-metros","title":{"rendered":"Lona \/ Banner &#8211; Frontlit Brillante &#8211; 13OZ &#8211; 440GSM &#8211; 50 metros"},"content":{"rendered":"<p>&#8211; Color: Blanco<br \/>\n&#8211; Tipo: Brillante \/ Frontlit<br \/>\n&#8211; Gramaje: 440 GSM<br \/>\n&#8211; Medidas: 500X500D \/ 9X9<br \/>\n&#8211; Longitud: 50 Metros<\/p>\n<p>Este material consiste en una cuadr\u00edcula tejida de hilos de poli\u00e9ster y recubierta por ambas caras con una tela vin\u00edlica de PVC ya sea mate o brillante. Especialmente dise\u00f1ada para la impresi\u00f3n digital mediante tintas a base solvente o ecosolvente.\u00a0 Su principal aplicaci\u00f3n es la de gr\u00e1ficos promocionales interiores o exteriores de mediano y largo plazo. \u00a0La tela vin\u00edlica de la lona utiliza una tecnolog\u00eda especial que permite una adherencia de tinta de superior calidad, produciendo colores vibrantes.\u00a0 Una vez impreso, la tinta no puede ser rayada y el tiempo de secado es m\u00ednimo.<\/p>\n","protected":false},"excerpt":{"rendered":"<p>&#8211; Color: Blanco &#8211; Tipo: Brillante \/ Frontlit &#8211; Gramaje: 440 GSM &#8211; Medidas: 500X500D \/ 9X9 &#8211; Longitud: 50 Metros Este material consiste en una cuadr\u00edcula tejida de hilos de poli\u00e9ster y recubierta por ambas caras con una tela vin\u00edlica de PVC ya sea mate o brillante. Especialmente dise\u00f1ada para la impresi\u00f3n digital mediante tintas a base solvente o ecosolvente.\u00a0 Su principal aplicaci\u00f3n es la de gr\u00e1ficos promocionales interiores o exteriores de mediano y largo plazo. \u00a0La tela vin\u00edlica de la lona utiliza una tecnolog\u00eda especial que permite una adherencia de tinta de superior calidad, produciendo colores vibrantes.\u00a0 Una vez impreso, la tinta no puede ser rayada y el tiempo de secado es m\u00ednimo.<\/p>\n","protected":false},"featured_media":4520,"comment_status":"open","ping_status":"closed","template":"","meta":{"site-sidebar-layout":"default","site-content-layout":"default","ast-site-content-layout":"default","site-content-style":"default","site-sidebar-style":"default","ast-global-header-display":"","ast-banner-title-visibility":"","ast-main-header-display":"","ast-hfb-above-header-display":"","ast-hfb-below-header-display":"","ast-hfb-mobile-header-display":"","site-post-title":"","ast-breadcrumbs-content":"","ast-featured-img":"","footer-sml-layout":"","ast-disable-related-posts":"","theme-transparent-header-meta":"default","adv-header-id-meta":"","stick-header-meta":"","header-above-stick-meta":"","header-main-stick-meta":"","header-below-stick-meta":"","astra-migrate-meta-layouts":"default","ast-page-background-enabled":"default","ast-page-background-meta":{"desktop":{"background-color":"","background-image":"","background-repeat":"repeat","background-position":"center center","background-size":"auto","background-attachment":"scroll","background-type":"","background-media":"","overlay-type":"","overlay-color":"","overlay-opacity":"","overlay-gradient":""},"tablet":{"background-color":"","background-image":"","background-repeat":"repeat","background-position":"center center","background-size":"auto","background-attachment":"scroll","background-type":"","background-media":"","overlay-type":"","overlay-color":"","overlay-opacity":"","overlay-gradient":""},"mobile":{"background-color":"","background-image":"","background-repeat":"repeat","background-position":"center center","background-size":"auto","background-attachment":"scroll","background-type":"","background-media":"","overlay-type":"","overlay-color":"","overlay-opacity":"","overlay-gradient":""}},"ast-content-background-meta":{"desktop":{"background-color":"var(--ast-global-color-5)","background-image":"","background-repeat":"repeat","background-position":"center center","background-size":"auto","background-attachment":"scroll","background-type":"","background-media":"","overlay-type":"","overlay-color":"","overlay-opacity":"","overlay-gradient":""},"tablet":{"background-color":"var(--ast-global-color-5)","background-image":"","background-repeat":"repeat","background-position":"center center","background-size":"auto","background-attachment":"scroll","background-type":"","background-media":"","overlay-type":"","overlay-color":"","overlay-opacity":"","overlay-gradient":""},"mobile":{"background-color":"var(--ast-global-color-5)","background-image":"","background-repeat":"repeat","background-position":"center center","background-size":"auto","background-attachment":"scroll","background-type":"","background-media":"","overlay-type":"","overlay-color":"","overlay-opacity":"","overlay-gradient":""}}},"product_brand":[],"product_cat":[44,39],"product_tag":[54,55,36,53],"class_list":{"0":"post-4677","1":"product","2":"type-product","3":"status-publish","4":"has-post-thumbnail","6":"product_cat-lonas-banners","7":"product_cat-materiales-de-impresion","8":"product_tag-banner","9":"product_tag-gigantografia","10":"product_tag-impresion","11":"product_tag-lona","12":"desktop-align-left","13":"tablet-align-left","14":"mobile-align-left","16":"first","17":"instock","18":"sale","19":"shipping-taxable","20":"purchasable","21":"product-type-variable"},"yoast_head":"<!-- This site is optimized with the Yoast SEO plugin v27.5 - https:\/\/yoast.com\/product\/yoast-seo-wordpress\/ -->\n<title>Lona \/ Banner - Frontlit Brillante - 13OZ - 440GSM - 50 metros | www.daikosupplies.com<\/title>\n<meta name=\"robots\" content=\"index, follow, max-snippet:-1, max-image-preview:large, max-video-preview:-1\" \/>\n<link rel=\"canonical\" href=\"https:\/\/daikosupplies.com\/?product=lona-banner-brillante-13oz-440gsm-50-metros\" \/>\n<meta property=\"og:locale\" content=\"es_ES\" \/>\n<meta property=\"og:type\" content=\"article\" \/>\n<meta property=\"og:title\" content=\"Lona \/ Banner - Frontlit Brillante - 13OZ - 440GSM - 50 metros | www.daikosupplies.com\" \/>\n<meta property=\"og:description\" content=\"&#8211; Color: Blanco &#8211; Tipo: Brillante \/ Frontlit &#8211; Gramaje: 440 GSM &#8211; Medidas: 500X500D \/ 9X9 &#8211; Longitud: 50 Metros Este material consiste en una cuadr\u00edcula tejida de hilos de poli\u00e9ster y recubierta por ambas caras con una tela vin\u00edlica de PVC ya sea mate o brillante. Especialmente dise\u00f1ada para la impresi\u00f3n digital mediante tintas a base solvente o ecosolvente.\u00a0 Su principal aplicaci\u00f3n es la de gr\u00e1ficos promocionales interiores o exteriores de mediano y largo plazo. \u00a0La tela vin\u00edlica de la lona utiliza una tecnolog\u00eda especial que permite una adherencia de tinta de superior calidad, produciendo colores vibrantes.\u00a0 Una vez impreso, la tinta no puede ser rayada y el tiempo de secado es m\u00ednimo.\" \/>\n<meta property=\"og:url\" content=\"https:\/\/daikosupplies.com\/?product=lona-banner-brillante-13oz-440gsm-50-metros\" \/>\n<meta property=\"og:site_name\" content=\"www.daikosupplies.com\" \/>\n<meta property=\"article:publisher\" content=\"https:\/\/www.facebook.com\/daikosuplies\" \/>\n<meta property=\"article:modified_time\" content=\"2024-10-13T22:19:52+00:00\" \/>\n<meta property=\"og:image\" content=\"http:\/\/daikosupplies.com\/wp-content\/uploads\/2021\/04\/IMG-20210125-WA0021.jpg\" \/>\n\t<meta property=\"og:image:width\" content=\"1080\" \/>\n\t<meta property=\"og:image:height\" content=\"1080\" \/>\n\t<meta property=\"og:image:type\" content=\"image\/jpeg\" \/>\n<meta name=\"twitter:card\" content=\"summary_large_image\" \/>\n<meta name=\"twitter:label1\" content=\"Tiempo estimado de lectura\" \/>\n\t<meta name=\"twitter:data1\" content=\"1 minuto\" \/>\n<script type=\"application\/ld+json\" class=\"yoast-schema-graph\">{\"@context\":\"https:\\\/\\\/schema.org\",\"@graph\":[{\"@type\":\"WebPage\",\"@id\":\"https:\\\/\\\/daikosupplies.com\\\/?product=lona-banner-brillante-13oz-440gsm-50-metros\",\"url\":\"https:\\\/\\\/daikosupplies.com\\\/?product=lona-banner-brillante-13oz-440gsm-50-metros\",\"name\":\"Lona \\\/ Banner - Frontlit Brillante - 13OZ - 440GSM - 50 metros | www.daikosupplies.com\",\"isPartOf\":{\"@id\":\"https:\\\/\\\/daikosupplies.com\\\/#website\"},\"primaryImageOfPage\":{\"@id\":\"https:\\\/\\\/daikosupplies.com\\\/?product=lona-banner-brillante-13oz-440gsm-50-metros#primaryimage\"},\"image\":{\"@id\":\"https:\\\/\\\/daikosupplies.com\\\/?product=lona-banner-brillante-13oz-440gsm-50-metros#primaryimage\"},\"thumbnailUrl\":\"https:\\\/\\\/i0.wp.com\\\/daikosupplies.com\\\/wp-content\\\/uploads\\\/2021\\\/04\\\/IMG-20210125-WA0021.jpg?fit=1080%2C1080&ssl=1\",\"datePublished\":\"2021-04-29T22:46:56+00:00\",\"dateModified\":\"2024-10-13T22:19:52+00:00\",\"breadcrumb\":{\"@id\":\"https:\\\/\\\/daikosupplies.com\\\/?product=lona-banner-brillante-13oz-440gsm-50-metros#breadcrumb\"},\"inLanguage\":\"es\",\"potentialAction\":[{\"@type\":\"ReadAction\",\"target\":[\"https:\\\/\\\/daikosupplies.com\\\/?product=lona-banner-brillante-13oz-440gsm-50-metros\"]}]},{\"@type\":\"ImageObject\",\"inLanguage\":\"es\",\"@id\":\"https:\\\/\\\/daikosupplies.com\\\/?product=lona-banner-brillante-13oz-440gsm-50-metros#primaryimage\",\"url\":\"https:\\\/\\\/i0.wp.com\\\/daikosupplies.com\\\/wp-content\\\/uploads\\\/2021\\\/04\\\/IMG-20210125-WA0021.jpg?fit=1080%2C1080&ssl=1\",\"contentUrl\":\"https:\\\/\\\/i0.wp.com\\\/daikosupplies.com\\\/wp-content\\\/uploads\\\/2021\\\/04\\\/IMG-20210125-WA0021.jpg?fit=1080%2C1080&ssl=1\",\"width\":1080,\"height\":1080,\"caption\":\"Lona\"},{\"@type\":\"BreadcrumbList\",\"@id\":\"https:\\\/\\\/daikosupplies.com\\\/?product=lona-banner-brillante-13oz-440gsm-50-metros#breadcrumb\",\"itemListElement\":[{\"@type\":\"ListItem\",\"position\":1,\"name\":\"Portada\",\"item\":\"https:\\\/\\\/daikosupplies.com\\\/\"},{\"@type\":\"ListItem\",\"position\":2,\"name\":\"Tienda\",\"item\":\"https:\\\/\\\/daikosupplies.com\\\/?page_id=401\"},{\"@type\":\"ListItem\",\"position\":3,\"name\":\"Lona \\\/ Banner &#8211; Frontlit Brillante &#8211; 13OZ &#8211; 440GSM &#8211; 50 metros\"}]},{\"@type\":\"WebSite\",\"@id\":\"https:\\\/\\\/daikosupplies.com\\\/#website\",\"url\":\"https:\\\/\\\/daikosupplies.com\\\/\",\"name\":\"www.daikosupplies.com\",\"description\":\"Materiales, Insumos y Equipos Publicitarios\",\"publisher\":{\"@id\":\"https:\\\/\\\/daikosupplies.com\\\/#organization\"},\"potentialAction\":[{\"@type\":\"SearchAction\",\"target\":{\"@type\":\"EntryPoint\",\"urlTemplate\":\"https:\\\/\\\/daikosupplies.com\\\/?s={search_term_string}\"},\"query-input\":{\"@type\":\"PropertyValueSpecification\",\"valueRequired\":true,\"valueName\":\"search_term_string\"}}],\"inLanguage\":\"es\"},{\"@type\":\"Organization\",\"@id\":\"https:\\\/\\\/daikosupplies.com\\\/#organization\",\"name\":\"Daiko Supplies\",\"url\":\"https:\\\/\\\/daikosupplies.com\\\/\",\"logo\":{\"@type\":\"ImageObject\",\"inLanguage\":\"es\",\"@id\":\"https:\\\/\\\/daikosupplies.com\\\/#\\\/schema\\\/logo\\\/image\\\/\",\"url\":\"https:\\\/\\\/i0.wp.com\\\/daikosupplies.com\\\/wp-content\\\/uploads\\\/2021\\\/04\\\/Logo-Instagram-Daiko-Supplies.png?fit=4213%2C2467&ssl=1\",\"contentUrl\":\"https:\\\/\\\/i0.wp.com\\\/daikosupplies.com\\\/wp-content\\\/uploads\\\/2021\\\/04\\\/Logo-Instagram-Daiko-Supplies.png?fit=4213%2C2467&ssl=1\",\"width\":4213,\"height\":2467,\"caption\":\"Daiko Supplies\"},\"image\":{\"@id\":\"https:\\\/\\\/daikosupplies.com\\\/#\\\/schema\\\/logo\\\/image\\\/\"},\"sameAs\":[\"https:\\\/\\\/www.facebook.com\\\/daikosuplies\",\"https:\\\/\\\/www.instagram.com\\\/daikosupplies\"]}]}<\/script>\n<!-- \/ Yoast SEO plugin. -->","yoast_head_json":{"title":"Lona \/ Banner - Frontlit Brillante - 13OZ - 440GSM - 50 metros | www.daikosupplies.com","robots":{"index":"index","follow":"follow","max-snippet":"max-snippet:-1","max-image-preview":"max-image-preview:large","max-video-preview":"max-video-preview:-1"},"canonical":"https:\/\/daikosupplies.com\/?product=lona-banner-brillante-13oz-440gsm-50-metros","og_locale":"es_ES","og_type":"article","og_title":"Lona \/ Banner - Frontlit Brillante - 13OZ - 440GSM - 50 metros | www.daikosupplies.com","og_description":"&#8211; Color: Blanco &#8211; Tipo: Brillante \/ Frontlit &#8211; Gramaje: 440 GSM &#8211; Medidas: 500X500D \/ 9X9 &#8211; Longitud: 50 Metros Este material consiste en una cuadr\u00edcula tejida de hilos de poli\u00e9ster y recubierta por ambas caras con una tela vin\u00edlica de PVC ya sea mate o brillante. Especialmente dise\u00f1ada para la impresi\u00f3n digital mediante tintas a base solvente o ecosolvente.\u00a0 Su principal aplicaci\u00f3n es la de gr\u00e1ficos promocionales interiores o exteriores de mediano y largo plazo. \u00a0La tela vin\u00edlica de la lona utiliza una tecnolog\u00eda especial que permite una adherencia de tinta de superior calidad, produciendo colores vibrantes.\u00a0 Una vez impreso, la tinta no puede ser rayada y el tiempo de secado es m\u00ednimo.","og_url":"https:\/\/daikosupplies.com\/?product=lona-banner-brillante-13oz-440gsm-50-metros","og_site_name":"www.daikosupplies.com","article_publisher":"https:\/\/www.facebook.com\/daikosuplies","article_modified_time":"2024-10-13T22:19:52+00:00","og_image":[{"width":1080,"height":1080,"url":"http:\/\/daikosupplies.com\/wp-content\/uploads\/2021\/04\/IMG-20210125-WA0021.jpg","type":"image\/jpeg"}],"twitter_card":"summary_large_image","twitter_misc":{"Tiempo estimado de lectura":"1 minuto"},"schema":{"@context":"https:\/\/schema.org","@graph":[{"@type":"WebPage","@id":"https:\/\/daikosupplies.com\/?product=lona-banner-brillante-13oz-440gsm-50-metros","url":"https:\/\/daikosupplies.com\/?product=lona-banner-brillante-13oz-440gsm-50-metros","name":"Lona \/ Banner - Frontlit Brillante - 13OZ - 440GSM - 50 metros | www.daikosupplies.com","isPartOf":{"@id":"https:\/\/daikosupplies.com\/#website"},"primaryImageOfPage":{"@id":"https:\/\/daikosupplies.com\/?product=lona-banner-brillante-13oz-440gsm-50-metros#primaryimage"},"image":{"@id":"https:\/\/daikosupplies.com\/?product=lona-banner-brillante-13oz-440gsm-50-metros#primaryimage"},"thumbnailUrl":"https:\/\/i0.wp.com\/daikosupplies.com\/wp-content\/uploads\/2021\/04\/IMG-20210125-WA0021.jpg?fit=1080%2C1080&ssl=1","datePublished":"2021-04-29T22:46:56+00:00","dateModified":"2024-10-13T22:19:52+00:00","breadcrumb":{"@id":"https:\/\/daikosupplies.com\/?product=lona-banner-brillante-13oz-440gsm-50-metros#breadcrumb"},"inLanguage":"es","potentialAction":[{"@type":"ReadAction","target":["https:\/\/daikosupplies.com\/?product=lona-banner-brillante-13oz-440gsm-50-metros"]}]},{"@type":"ImageObject","inLanguage":"es","@id":"https:\/\/daikosupplies.com\/?product=lona-banner-brillante-13oz-440gsm-50-metros#primaryimage","url":"https:\/\/i0.wp.com\/daikosupplies.com\/wp-content\/uploads\/2021\/04\/IMG-20210125-WA0021.jpg?fit=1080%2C1080&ssl=1","contentUrl":"https:\/\/i0.wp.com\/daikosupplies.com\/wp-content\/uploads\/2021\/04\/IMG-20210125-WA0021.jpg?fit=1080%2C1080&ssl=1","width":1080,"height":1080,"caption":"Lona"},{"@type":"BreadcrumbList","@id":"https:\/\/daikosupplies.com\/?product=lona-banner-brillante-13oz-440gsm-50-metros#breadcrumb","itemListElement":[{"@type":"ListItem","position":1,"name":"Portada","item":"https:\/\/daikosupplies.com\/"},{"@type":"ListItem","position":2,"name":"Tienda","item":"https:\/\/daikosupplies.com\/?page_id=401"},{"@type":"ListItem","position":3,"name":"Lona \/ Banner &#8211; Frontlit Brillante &#8211; 13OZ &#8211; 440GSM &#8211; 50 metros"}]},{"@type":"WebSite","@id":"https:\/\/daikosupplies.com\/#website","url":"https:\/\/daikosupplies.com\/","name":"www.daikosupplies.com","description":"Materiales, Insumos y Equipos Publicitarios","publisher":{"@id":"https:\/\/daikosupplies.com\/#organization"},"potentialAction":[{"@type":"SearchAction","target":{"@type":"EntryPoint","urlTemplate":"https:\/\/daikosupplies.com\/?s={search_term_string}"},"query-input":{"@type":"PropertyValueSpecification","valueRequired":true,"valueName":"search_term_string"}}],"inLanguage":"es"},{"@type":"Organization","@id":"https:\/\/daikosupplies.com\/#organization","name":"Daiko Supplies","url":"https:\/\/daikosupplies.com\/","logo":{"@type":"ImageObject","inLanguage":"es","@id":"https:\/\/daikosupplies.com\/#\/schema\/logo\/image\/","url":"https:\/\/i0.wp.com\/daikosupplies.com\/wp-content\/uploads\/2021\/04\/Logo-Instagram-Daiko-Supplies.png?fit=4213%2C2467&ssl=1","contentUrl":"https:\/\/i0.wp.com\/daikosupplies.com\/wp-content\/uploads\/2021\/04\/Logo-Instagram-Daiko-Supplies.png?fit=4213%2C2467&ssl=1","width":4213,"height":2467,"caption":"Daiko Supplies"},"image":{"@id":"https:\/\/daikosupplies.com\/#\/schema\/logo\/image\/"},"sameAs":["https:\/\/www.facebook.com\/daikosuplies","https:\/\/www.instagram.com\/daikosupplies"]}]}},"jetpack-related-posts":[],"jetpack_sharing_enabled":true,"_links":{"self":[{"href":"https:\/\/daikosupplies.com\/index.php?rest_route=\/wp\/v2\/product\/4677","targetHints":{"allow":["GET"]}}],"collection":[{"href":"https:\/\/daikosupplies.com\/index.php?rest_route=\/wp\/v2\/product"}],"about":[{"href":"https:\/\/daikosupplies.com\/index.php?rest_route=\/wp\/v2\/types\/product"}],"replies":[{"embeddable":true,"href":"https:\/\/daikosupplies.com\/index.php?rest_route=%2Fwp%2Fv2%2Fcomments&post=4677"}],"version-history":[{"count":5,"href":"https:\/\/daikosupplies.com\/index.php?rest_route=\/wp\/v2\/product\/4677\/revisions"}],"predecessor-version":[{"id":5136,"href":"https:\/\/daikosupplies.com\/index.php?rest_route=\/wp\/v2\/product\/4677\/revisions\/5136"}],"wp:featuredmedia":[{"embeddable":true,"href":"https:\/\/daikosupplies.com\/index.php?rest_route=\/wp\/v2\/media\/4520"}],"wp:attachment":[{"href":"https:\/\/daikosupplies.com\/index.php?rest_route=%2Fwp%2Fv2%2Fmedia&parent=4677"}],"wp:term":[{"taxonomy":"product_brand","embeddable":true,"href":"https:\/\/daikosupplies.com\/index.php?rest_route=%2Fwp%2Fv2%2Fproduct_brand&post=4677"},{"taxonomy":"product_cat","embeddable":true,"href":"https:\/\/daikosupplies.com\/index.php?rest_route=%2Fwp%2Fv2%2Fproduct_cat&post=4677"},{"taxonomy":"product_tag","embeddable":true,"href":"https:\/\/daikosupplies.com\/index.php?rest_route=%2Fwp%2Fv2%2Fproduct_tag&post=4677"}],"curies":[{"name":"wp","href":"https:\/\/api.w.org\/{rel}","templated":true}]}}