{"id":99,"date":"2018-06-19T12:04:09","date_gmt":"2018-06-19T12:04:09","guid":{"rendered":"http:\/\/daikosupplies.com\/?page_id=99"},"modified":"2021-04-19T13:16:24","modified_gmt":"2021-04-19T13:16:24","slug":"my-account-2","status":"publish","type":"page","link":"https:\/\/daikosupplies.com\/?page_id=99","title":{"rendered":"Mi Cuenta"},"content":{"rendered":"<div class=\"woocommerce\"><div class=\"woocommerce-notices-wrapper\"><\/div>\n\n<div class=\"u-columns col2-set\" id=\"customer_login\">\n\n\t<div class=\"u-column1 col-1\">\n\n\n\t\t<h2>Acceder<\/h2>\n\n\t\t<form class=\"woocommerce-form woocommerce-form-login login\" method=\"post\" novalidate>\n\n\t\t\t\n\t\t\t<p class=\"woocommerce-form-row woocommerce-form-row--wide form-row form-row-wide\">\n\t\t\t\t<label for=\"username\">Nombre de usuario o correo electr\u00f3nico&nbsp;<span class=\"required\" aria-hidden=\"true\">*<\/span><span class=\"screen-reader-text\">Obligatorio<\/span><\/label>\n\t\t\t\t<input type=\"text\" class=\"woocommerce-Input woocommerce-Input--text input-text\" name=\"username\" id=\"username\" autocomplete=\"username\" value=\"\" required aria-required=\"true\" \/>\t\t\t<\/p>\n\t\t\t<p class=\"woocommerce-form-row woocommerce-form-row--wide form-row form-row-wide\">\n\t\t\t\t<label for=\"password\">Contrase\u00f1a&nbsp;<span class=\"required\" aria-hidden=\"true\">*<\/span><span class=\"screen-reader-text\">Obligatorio<\/span><\/label>\n\t\t\t\t<input class=\"woocommerce-Input woocommerce-Input--text input-text\" type=\"password\" name=\"password\" id=\"password\" autocomplete=\"current-password\" required aria-required=\"true\" \/>\n\t\t\t<\/p>\n\n\t\t\t\n\t\t\t<p class=\"form-row\">\n\t\t\t\t<label class=\"woocommerce-form__label woocommerce-form__label-for-checkbox woocommerce-form-login__rememberme\">\n\t\t\t\t\t<input class=\"woocommerce-form__input woocommerce-form__input-checkbox\" name=\"rememberme\" type=\"checkbox\" id=\"rememberme\" value=\"forever\" \/> <span>Recu\u00e9rdame<\/span>\n\t\t\t\t<\/label>\n\t\t\t\t<input type=\"hidden\" id=\"woocommerce-login-nonce\" name=\"woocommerce-login-nonce\" value=\"<esi:include src='/?lsesi=nonce&esi=eyJhY3Rpb24iOiJ3b29jb21tZXJjZS1sb2dpbiIsIl9sc19zaWxlbmNlIjp0cnVlLCJpc19qc29uIjoxfQ%3D%3D&_hash=a53ea51bd05a0343a92273e03e9db860' as-var='1' />\" \/><input type=\"hidden\" name=\"_wp_http_referer\" value=\"\/index.php?rest_route=%2Fwp%2Fv2%2Fpages%2F99\" \/>\t\t\t\t<button type=\"submit\" class=\"woocommerce-button button woocommerce-form-login__submit\" name=\"login\" value=\"Acceder\">Acceder<\/button>\n\t\t\t<\/p>\n\t\t\t<p class=\"woocommerce-LostPassword lost_password\">\n\t\t\t\t<a href=\"https:\/\/daikosupplies.com\/?page_id=99&#038;lost-password\">\u00bfOlvidaste la contrase\u00f1a?<\/a>\n\t\t\t<\/p>\n\n\t\t\t\n\t\t<\/form>\n\n\n\t<\/div>\n\n\t<div class=\"u-column2 col-2\">\n\n\t\t<h2>Registrarse<\/h2>\n\n\t\t<form method=\"post\" class=\"woocommerce-form woocommerce-form-register register\"  >\n\n\t\t\t\n\t\t\t\n\t\t\t\t<p class=\"woocommerce-form-row woocommerce-form-row--wide form-row form-row-wide\">\n\t\t\t\t\t<label for=\"reg_username\">Nombre de usuario&nbsp;<span class=\"required\" aria-hidden=\"true\">*<\/span><span class=\"screen-reader-text\">Obligatorio<\/span><\/label>\n\t\t\t\t\t<input type=\"text\" class=\"woocommerce-Input woocommerce-Input--text input-text\" name=\"username\" id=\"reg_username\" autocomplete=\"username\" value=\"\" required aria-required=\"true\" \/>\t\t\t\t<\/p>\n\n\t\t\t\n\t\t\t<p class=\"woocommerce-form-row woocommerce-form-row--wide form-row form-row-wide\">\n\t\t\t\t<label for=\"reg_email\">Direcci\u00f3n de correo electr\u00f3nico&nbsp;<span class=\"required\" aria-hidden=\"true\">*<\/span><span class=\"screen-reader-text\">Obligatorio<\/span><\/label>\n\t\t\t\t<input type=\"email\" class=\"woocommerce-Input woocommerce-Input--text input-text\" name=\"email\" id=\"reg_email\" autocomplete=\"email\" value=\"\" required aria-required=\"true\" \/>\t\t\t<\/p>\n\n\t\t\t\n\t\t\t\t<p>Se enviar\u00e1 un enlace a tu direcci\u00f3n de correo electr\u00f3nico para establecer una nueva contrase\u00f1a.<\/p>\n\n\t\t\t\n\t\t\t<wc-order-attribution-inputs><\/wc-order-attribution-inputs><div class=\"woocommerce-privacy-policy-text\"><p>Sus datos personales se utilizar\u00e1n para respaldar su experiencia en este sitio web, para administrar el acceso a su cuenta y para otros fines descritos en nuestra [pol\u00edtica de privacidad].<\/p>\n<\/div>\n\t\t\t<p class=\"woocommerce-form-row form-row\">\n\t\t\t\t<input type=\"hidden\" id=\"woocommerce-register-nonce\" name=\"woocommerce-register-nonce\" value=\"159352c694\" \/><input type=\"hidden\" name=\"_wp_http_referer\" value=\"\/index.php?rest_route=%2Fwp%2Fv2%2Fpages%2F99\" \/>\t\t\t\t<button type=\"submit\" class=\"woocommerce-Button woocommerce-button button woocommerce-form-register__submit\" name=\"register\" value=\"Registrarse\">Registrarse<\/button>\n\t\t\t<\/p>\n\n\t\t\t\n\t\t<\/form>\n\n\t<\/div>\n\n<\/div>\n\n<\/div>\n","protected":false},"excerpt":{"rendered":"","protected":false},"author":1,"featured_media":0,"parent":0,"menu_order":0,"comment_status":"closed","ping_status":"closed","template":"","meta":{"site-sidebar-layout":"default","site-content-layout":"default","ast-site-content-layout":"default","site-content-style":"default","site-sidebar-style":"default","ast-global-header-display":"","ast-banner-title-visibility":"","ast-main-header-display":"","ast-hfb-above-header-display":"","ast-hfb-below-header-display":"","ast-hfb-mobile-header-display":"","site-post-title":"","ast-breadcrumbs-content":"","ast-featured-img":"","footer-sml-layout":"","ast-disable-related-posts":"","theme-transparent-header-meta":"default","adv-header-id-meta":"","stick-header-meta":"","header-above-stick-meta":"","header-main-stick-meta":"","header-below-stick-meta":"","astra-migrate-meta-layouts":"default","ast-page-background-enabled":"default","ast-page-background-meta":{"desktop":{"background-color":"","background-image":"","background-repeat":"repeat","background-position":"center center","background-size":"auto","background-attachment":"scroll","background-type":"","background-media":"","overlay-type":"","overlay-color":"","overlay-opacity":"","overlay-gradient":""},"tablet":{"background-color":"","background-image":"","background-repeat":"repeat","background-position":"center center","background-size":"auto","background-attachment":"scroll","background-type":"","background-media":"","overlay-type":"","overlay-color":"","overlay-opacity":"","overlay-gradient":""},"mobile":{"background-color":"","background-image":"","background-repeat":"repeat","background-position":"center center","background-size":"auto","background-attachment":"scroll","background-type":"","background-media":"","overlay-type":"","overlay-color":"","overlay-opacity":"","overlay-gradient":""}},"ast-content-background-meta":{"desktop":{"background-color":"var(--ast-global-color-5)","background-image":"","background-repeat":"repeat","background-position":"center center","background-size":"auto","background-attachment":"scroll","background-type":"","background-media":"","overlay-type":"","overlay-color":"","overlay-opacity":"","overlay-gradient":""},"tablet":{"background-color":"var(--ast-global-color-5)","background-image":"","background-repeat":"repeat","background-position":"center center","background-size":"auto","background-attachment":"scroll","background-type":"","background-media":"","overlay-type":"","overlay-color":"","overlay-opacity":"","overlay-gradient":""},"mobile":{"background-color":"var(--ast-global-color-5)","background-image":"","background-repeat":"repeat","background-position":"center center","background-size":"auto","background-attachment":"scroll","background-type":"","background-media":"","overlay-type":"","overlay-color":"","overlay-opacity":"","overlay-gradient":""}},"footnotes":""},"class_list":["post-99","page","type-page","status-publish","hentry"],"yoast_head":"<!-- This site is optimized with the Yoast SEO plugin v27.5 - https:\/\/yoast.com\/product\/yoast-seo-wordpress\/ -->\n<title>Mi Cuenta | www.daikosupplies.com<\/title>\n<meta name=\"robots\" content=\"index, follow, max-snippet:-1, max-image-preview:large, max-video-preview:-1\" \/>\n<link rel=\"canonical\" href=\"https:\/\/daikosupplies.com\/?page_id=99\" \/>\n<meta property=\"og:locale\" content=\"es_ES\" \/>\n<meta property=\"og:type\" content=\"article\" \/>\n<meta property=\"og:title\" content=\"Mi Cuenta | www.daikosupplies.com\" \/>\n<meta property=\"og:url\" content=\"https:\/\/daikosupplies.com\/?page_id=99\" \/>\n<meta property=\"og:site_name\" content=\"www.daikosupplies.com\" \/>\n<meta property=\"article:publisher\" content=\"https:\/\/www.facebook.com\/daikosuplies\" \/>\n<meta property=\"article:modified_time\" content=\"2021-04-19T13:16:24+00:00\" \/>\n<meta property=\"og:image\" content=\"https:\/\/i0.wp.com\/daikosupplies.com\/wp-content\/uploads\/2021\/04\/Logo-Instagram-Daiko-Supplies-scaled.png?fit=2560%2C1499&ssl=1\" \/>\n\t<meta property=\"og:image:width\" content=\"2560\" \/>\n\t<meta property=\"og:image:height\" content=\"1499\" \/>\n\t<meta property=\"og:image:type\" content=\"image\/png\" \/>\n<meta name=\"twitter:card\" content=\"summary_large_image\" \/>\n<script type=\"application\/ld+json\" class=\"yoast-schema-graph\">{\"@context\":\"https:\\\/\\\/schema.org\",\"@graph\":[{\"@type\":\"WebPage\",\"@id\":\"https:\\\/\\\/daikosupplies.com\\\/?page_id=99\",\"url\":\"https:\\\/\\\/daikosupplies.com\\\/?page_id=99\",\"name\":\"Mi Cuenta | www.daikosupplies.com\",\"isPartOf\":{\"@id\":\"https:\\\/\\\/daikosupplies.com\\\/#website\"},\"datePublished\":\"2018-06-19T12:04:09+00:00\",\"dateModified\":\"2021-04-19T13:16:24+00:00\",\"breadcrumb\":{\"@id\":\"https:\\\/\\\/daikosupplies.com\\\/?page_id=99#breadcrumb\"},\"inLanguage\":\"es\",\"potentialAction\":[{\"@type\":\"ReadAction\",\"target\":[\"https:\\\/\\\/daikosupplies.com\\\/?page_id=99\"]}]},{\"@type\":\"BreadcrumbList\",\"@id\":\"https:\\\/\\\/daikosupplies.com\\\/?page_id=99#breadcrumb\",\"itemListElement\":[{\"@type\":\"ListItem\",\"position\":1,\"name\":\"Portada\",\"item\":\"https:\\\/\\\/daikosupplies.com\\\/\"},{\"@type\":\"ListItem\",\"position\":2,\"name\":\"Mi Cuenta\"}]},{\"@type\":\"WebSite\",\"@id\":\"https:\\\/\\\/daikosupplies.com\\\/#website\",\"url\":\"https:\\\/\\\/daikosupplies.com\\\/\",\"name\":\"www.daikosupplies.com\",\"description\":\"Materiales, Insumos y Equipos Publicitarios\",\"publisher\":{\"@id\":\"https:\\\/\\\/daikosupplies.com\\\/#organization\"},\"potentialAction\":[{\"@type\":\"SearchAction\",\"target\":{\"@type\":\"EntryPoint\",\"urlTemplate\":\"https:\\\/\\\/daikosupplies.com\\\/?s={search_term_string}\"},\"query-input\":{\"@type\":\"PropertyValueSpecification\",\"valueRequired\":true,\"valueName\":\"search_term_string\"}}],\"inLanguage\":\"es\"},{\"@type\":\"Organization\",\"@id\":\"https:\\\/\\\/daikosupplies.com\\\/#organization\",\"name\":\"Daiko Supplies\",\"url\":\"https:\\\/\\\/daikosupplies.com\\\/\",\"logo\":{\"@type\":\"ImageObject\",\"inLanguage\":\"es\",\"@id\":\"https:\\\/\\\/daikosupplies.com\\\/#\\\/schema\\\/logo\\\/image\\\/\",\"url\":\"https:\\\/\\\/i0.wp.com\\\/daikosupplies.com\\\/wp-content\\\/uploads\\\/2021\\\/04\\\/Logo-Instagram-Daiko-Supplies.png?fit=4213%2C2467&ssl=1\",\"contentUrl\":\"https:\\\/\\\/i0.wp.com\\\/daikosupplies.com\\\/wp-content\\\/uploads\\\/2021\\\/04\\\/Logo-Instagram-Daiko-Supplies.png?fit=4213%2C2467&ssl=1\",\"width\":4213,\"height\":2467,\"caption\":\"Daiko Supplies\"},\"image\":{\"@id\":\"https:\\\/\\\/daikosupplies.com\\\/#\\\/schema\\\/logo\\\/image\\\/\"},\"sameAs\":[\"https:\\\/\\\/www.facebook.com\\\/daikosuplies\",\"https:\\\/\\\/www.instagram.com\\\/daikosupplies\"]}]}<\/script>\n<!-- \/ Yoast SEO plugin. -->","yoast_head_json":{"title":"Mi Cuenta | www.daikosupplies.com","robots":{"index":"index","follow":"follow","max-snippet":"max-snippet:-1","max-image-preview":"max-image-preview:large","max-video-preview":"max-video-preview:-1"},"canonical":"https:\/\/daikosupplies.com\/?page_id=99","og_locale":"es_ES","og_type":"article","og_title":"Mi Cuenta | www.daikosupplies.com","og_url":"https:\/\/daikosupplies.com\/?page_id=99","og_site_name":"www.daikosupplies.com","article_publisher":"https:\/\/www.facebook.com\/daikosuplies","article_modified_time":"2021-04-19T13:16:24+00:00","og_image":[{"width":2560,"height":1499,"url":"https:\/\/i0.wp.com\/daikosupplies.com\/wp-content\/uploads\/2021\/04\/Logo-Instagram-Daiko-Supplies-scaled.png?fit=2560%2C1499&ssl=1","type":"image\/png"}],"twitter_card":"summary_large_image","schema":{"@context":"https:\/\/schema.org","@graph":[{"@type":"WebPage","@id":"https:\/\/daikosupplies.com\/?page_id=99","url":"https:\/\/daikosupplies.com\/?page_id=99","name":"Mi Cuenta | www.daikosupplies.com","isPartOf":{"@id":"https:\/\/daikosupplies.com\/#website"},"datePublished":"2018-06-19T12:04:09+00:00","dateModified":"2021-04-19T13:16:24+00:00","breadcrumb":{"@id":"https:\/\/daikosupplies.com\/?page_id=99#breadcrumb"},"inLanguage":"es","potentialAction":[{"@type":"ReadAction","target":["https:\/\/daikosupplies.com\/?page_id=99"]}]},{"@type":"BreadcrumbList","@id":"https:\/\/daikosupplies.com\/?page_id=99#breadcrumb","itemListElement":[{"@type":"ListItem","position":1,"name":"Portada","item":"https:\/\/daikosupplies.com\/"},{"@type":"ListItem","position":2,"name":"Mi Cuenta"}]},{"@type":"WebSite","@id":"https:\/\/daikosupplies.com\/#website","url":"https:\/\/daikosupplies.com\/","name":"www.daikosupplies.com","description":"Materiales, Insumos y Equipos Publicitarios","publisher":{"@id":"https:\/\/daikosupplies.com\/#organization"},"potentialAction":[{"@type":"SearchAction","target":{"@type":"EntryPoint","urlTemplate":"https:\/\/daikosupplies.com\/?s={search_term_string}"},"query-input":{"@type":"PropertyValueSpecification","valueRequired":true,"valueName":"search_term_string"}}],"inLanguage":"es"},{"@type":"Organization","@id":"https:\/\/daikosupplies.com\/#organization","name":"Daiko Supplies","url":"https:\/\/daikosupplies.com\/","logo":{"@type":"ImageObject","inLanguage":"es","@id":"https:\/\/daikosupplies.com\/#\/schema\/logo\/image\/","url":"https:\/\/i0.wp.com\/daikosupplies.com\/wp-content\/uploads\/2021\/04\/Logo-Instagram-Daiko-Supplies.png?fit=4213%2C2467&ssl=1","contentUrl":"https:\/\/i0.wp.com\/daikosupplies.com\/wp-content\/uploads\/2021\/04\/Logo-Instagram-Daiko-Supplies.png?fit=4213%2C2467&ssl=1","width":4213,"height":2467,"caption":"Daiko Supplies"},"image":{"@id":"https:\/\/daikosupplies.com\/#\/schema\/logo\/image\/"},"sameAs":["https:\/\/www.facebook.com\/daikosuplies","https:\/\/www.instagram.com\/daikosupplies"]}]}},"jetpack-related-posts":[],"jetpack_sharing_enabled":true,"_links":{"self":[{"href":"https:\/\/daikosupplies.com\/index.php?rest_route=\/wp\/v2\/pages\/99","targetHints":{"allow":["GET"]}}],"collection":[{"href":"https:\/\/daikosupplies.com\/index.php?rest_route=\/wp\/v2\/pages"}],"about":[{"href":"https:\/\/daikosupplies.com\/index.php?rest_route=\/wp\/v2\/types\/page"}],"author":[{"embeddable":true,"href":"https:\/\/daikosupplies.com\/index.php?rest_route=\/wp\/v2\/users\/1"}],"replies":[{"embeddable":true,"href":"https:\/\/daikosupplies.com\/index.php?rest_route=%2Fwp%2Fv2%2Fcomments&post=99"}],"version-history":[{"count":2,"href":"https:\/\/daikosupplies.com\/index.php?rest_route=\/wp\/v2\/pages\/99\/revisions"}],"predecessor-version":[{"id":4352,"href":"https:\/\/daikosupplies.com\/index.php?rest_route=\/wp\/v2\/pages\/99\/revisions\/4352"}],"wp:attachment":[{"href":"https:\/\/daikosupplies.com\/index.php?rest_route=%2Fwp%2Fv2%2Fmedia&parent=99"}],"curies":[{"name":"wp","href":"https:\/\/api.w.org\/{rel}","templated":true}]}}